{"id":270,"date":"2023-04-20T21:56:24","date_gmt":"2023-04-20T19:56:24","guid":{"rendered":"https:\/\/centre-santex.be\/fr\/?page_id=270"},"modified":"2025-06-27T13:04:54","modified_gmt":"2025-06-27T11:04:54","slug":"equipe","status":"publish","type":"page","link":"https:\/\/centre-santex.be\/fr\/equipe\/","title":{"rendered":"\u00c9quipe"},"content":{"rendered":"\t\t<div data-elementor-type=\"wp-page\" data-elementor-id=\"270\" class=\"elementor elementor-270\">\n\t\t\t\t\t\t\t<div class=\"elementor-element elementor-element-2d9fde0 e-con-boxed e-con\" data-id=\"2d9fde0\" data-element_type=\"container\" data-settings=\"{&quot;background_background&quot;:&quot;classic&quot;,&quot;content_width&quot;:&quot;boxed&quot;}\">\n\t\t\t\t\t<div class=\"e-con-inner\">\n\t\t<div class=\"elementor-element elementor-element-c2233f2 e-con-full e-con\" data-id=\"c2233f2\" data-element_type=\"container\" data-settings=\"{&quot;content_width&quot;:&quot;full&quot;}\">\n\t\t<div class=\"elementor-element elementor-element-db33774 e-con-full e-con\" data-id=\"db33774\" data-element_type=\"container\" data-settings=\"{&quot;content_width&quot;:&quot;full&quot;}\">\n\t\t\t\t<div class=\"elementor-element elementor-element-a557397 elementor-position-top elementor-vertical-align-top elementor-widget elementor-widget-image-box\" data-id=\"a557397\" data-element_type=\"widget\" data-widget_type=\"image-box.default\">\n\t\t\t\t<div class=\"elementor-widget-container\">\n\t\t\t<style>\/*! elementor - v3.10.2 - 29-01-2023 *\/\n.elementor-widget-image-box .elementor-image-box-content{width:100%}@media (min-width:768px){.elementor-widget-image-box.elementor-position-left .elementor-image-box-wrapper,.elementor-widget-image-box.elementor-position-right .elementor-image-box-wrapper{display:flex}.elementor-widget-image-box.elementor-position-right .elementor-image-box-wrapper{text-align:right;flex-direction:row-reverse}.elementor-widget-image-box.elementor-position-left .elementor-image-box-wrapper{text-align:left;flex-direction:row}.elementor-widget-image-box.elementor-position-top .elementor-image-box-img{margin:auto}.elementor-widget-image-box.elementor-vertical-align-top .elementor-image-box-wrapper{align-items:flex-start}.elementor-widget-image-box.elementor-vertical-align-middle .elementor-image-box-wrapper{align-items:center}.elementor-widget-image-box.elementor-vertical-align-bottom .elementor-image-box-wrapper{align-items:flex-end}}@media (max-width:767px){.elementor-widget-image-box .elementor-image-box-img{margin-left:auto!important;margin-right:auto!important;margin-bottom:15px}}.elementor-widget-image-box .elementor-image-box-img{display:inline-block}.elementor-widget-image-box .elementor-image-box-title a{color:inherit}.elementor-widget-image-box .elementor-image-box-wrapper{text-align:center}.elementor-widget-image-box .elementor-image-box-description{margin:0}<\/style><div class=\"elementor-image-box-wrapper\"><figure class=\"elementor-image-box-img\"><img loading=\"lazy\" decoding=\"async\" width=\"489\" height=\"750\" src=\"https:\/\/centre-santex.be\/fr\/wp-content\/uploads\/Mask-group.jpg\" class=\"attachment-full size-full wp-image-434\" alt=\"\" srcset=\"https:\/\/centre-santex.be\/fr\/wp-content\/uploads\/Mask-group.jpg 489w, https:\/\/centre-santex.be\/fr\/wp-content\/uploads\/Mask-group-391x600.jpg 391w\" sizes=\"auto, (max-width: 489px) 100vw, 489px\" \/><\/figure><div class=\"elementor-image-box-content\"><h3 class=\"elementor-image-box-title\">Dr Kamnang Jeanine<\/h3><p class=\"elementor-image-box-description\">Gyn\u00e9cologue-obst\u00e9tricien<br>\u00c9chographie obst\u00e9trical<\/p><\/div><\/div>\t\t<\/div>\n\t\t\t\t<\/div>\n\t\t\t\t<\/div>\n\t\t<div class=\"elementor-element elementor-element-4d1e9e6 e-con-full e-con\" data-id=\"4d1e9e6\" data-element_type=\"container\" data-settings=\"{&quot;content_width&quot;:&quot;full&quot;}\">\n\t\t\t\t<div class=\"elementor-element elementor-element-d1d6587 elementor-position-top elementor-vertical-align-top elementor-widget elementor-widget-image-box\" data-id=\"d1d6587\" data-element_type=\"widget\" data-widget_type=\"image-box.default\">\n\t\t\t\t<div class=\"elementor-widget-container\">\n\t\t\t<div class=\"elementor-image-box-wrapper\"><figure class=\"elementor-image-box-img\"><img loading=\"lazy\" decoding=\"async\" width=\"489\" height=\"750\" src=\"https:\/\/centre-santex.be\/fr\/wp-content\/uploads\/Mask-group-1.jpg\" class=\"attachment-full size-full wp-image-435\" alt=\"\" srcset=\"https:\/\/centre-santex.be\/fr\/wp-content\/uploads\/Mask-group-1.jpg 489w, https:\/\/centre-santex.be\/fr\/wp-content\/uploads\/Mask-group-1-391x600.jpg 391w\" sizes=\"auto, (max-width: 489px) 100vw, 489px\" \/><\/figure><div class=\"elementor-image-box-content\"><h3 class=\"elementor-image-box-title\">Vanessa Mulop<\/h3><p class=\"elementor-image-box-description\">Infirmi\u00e8re<\/p><\/div><\/div>\t\t<\/div>\n\t\t\t\t<\/div>\n\t\t\t\t<\/div>\n\t\t<div class=\"elementor-element elementor-element-88f6b62 e-con-full e-con\" data-id=\"88f6b62\" data-element_type=\"container\" data-settings=\"{&quot;content_width&quot;:&quot;full&quot;}\">\n\t\t\t\t<div class=\"elementor-element elementor-element-f7681b5 elementor-position-top elementor-vertical-align-top elementor-widget elementor-widget-image-box\" data-id=\"f7681b5\" data-element_type=\"widget\" data-widget_type=\"image-box.default\">\n\t\t\t\t<div class=\"elementor-widget-container\">\n\t\t\t<div class=\"elementor-image-box-wrapper\"><figure class=\"elementor-image-box-img\"><img loading=\"lazy\" decoding=\"async\" width=\"489\" height=\"750\" src=\"https:\/\/centre-santex.be\/fr\/wp-content\/uploads\/Mask-group-2.jpg\" class=\"attachment-full size-full wp-image-436\" alt=\"\" srcset=\"https:\/\/centre-santex.be\/fr\/wp-content\/uploads\/Mask-group-2.jpg 489w, https:\/\/centre-santex.be\/fr\/wp-content\/uploads\/Mask-group-2-391x600.jpg 391w\" sizes=\"auto, (max-width: 489px) 100vw, 489px\" \/><\/figure><div class=\"elementor-image-box-content\"><h3 class=\"elementor-image-box-title\">Dr Monnoyer B\u00e9r\u00e9nice<\/h3><p class=\"elementor-image-box-description\">Gyn\u00e9cologue-obst\u00e9tricien et \u00e9chographie obst\u00e9tricale<\/p><\/div><\/div>\t\t<\/div>\n\t\t\t\t<\/div>\n\t\t\t\t<\/div>\n\t\t<div class=\"elementor-element elementor-element-aabd17a e-con-full e-con\" data-id=\"aabd17a\" data-element_type=\"container\" data-settings=\"{&quot;content_width&quot;:&quot;full&quot;}\">\n\t\t\t\t<div class=\"elementor-element elementor-element-adc211e elementor-position-top elementor-vertical-align-top elementor-widget elementor-widget-image-box\" data-id=\"adc211e\" data-element_type=\"widget\" data-widget_type=\"image-box.default\">\n\t\t\t\t<div class=\"elementor-widget-container\">\n\t\t\t<div class=\"elementor-image-box-wrapper\"><figure class=\"elementor-image-box-img\"><img loading=\"lazy\" decoding=\"async\" width=\"489\" height=\"750\" src=\"https:\/\/centre-santex.be\/fr\/wp-content\/uploads\/Mask-group-3.jpg\" class=\"attachment-full size-full wp-image-437\" alt=\"\" srcset=\"https:\/\/centre-santex.be\/fr\/wp-content\/uploads\/Mask-group-3.jpg 489w, https:\/\/centre-santex.be\/fr\/wp-content\/uploads\/Mask-group-3-391x600.jpg 391w\" sizes=\"auto, (max-width: 489px) 100vw, 489px\" \/><\/figure><div class=\"elementor-image-box-content\"><h3 class=\"elementor-image-box-title\">Geiger Thifany<\/h3><p class=\"elementor-image-box-description\">Psychologue<\/p><\/div><\/div>\t\t<\/div>\n\t\t\t\t<\/div>\n\t\t\t\t<\/div>\n\t\t<div class=\"elementor-element elementor-element-582f06b e-con-full e-con\" data-id=\"582f06b\" data-element_type=\"container\" data-settings=\"{&quot;content_width&quot;:&quot;full&quot;}\">\n\t\t\t\t<div class=\"elementor-element elementor-element-dc0fd25 elementor-position-top elementor-vertical-align-top elementor-widget elementor-widget-image-box\" data-id=\"dc0fd25\" data-element_type=\"widget\" data-widget_type=\"image-box.default\">\n\t\t\t\t<div class=\"elementor-widget-container\">\n\t\t\t<div class=\"elementor-image-box-wrapper\"><figure class=\"elementor-image-box-img\"><img loading=\"lazy\" decoding=\"async\" width=\"489\" height=\"750\" src=\"https:\/\/centre-santex.be\/fr\/wp-content\/uploads\/Mask-group-4.jpg\" class=\"attachment-full size-full wp-image-438\" alt=\"\" srcset=\"https:\/\/centre-santex.be\/fr\/wp-content\/uploads\/Mask-group-4.jpg 489w, https:\/\/centre-santex.be\/fr\/wp-content\/uploads\/Mask-group-4-391x600.jpg 391w\" sizes=\"auto, (max-width: 489px) 100vw, 489px\" \/><\/figure><div class=\"elementor-image-box-content\"><h3 class=\"elementor-image-box-title\">Dr Fenzy Marc<\/h3><p class=\"elementor-image-box-description\">Chirurgien orthop\u00e9dique<\/p><\/div><\/div>\t\t<\/div>\n\t\t\t\t<\/div>\n\t\t\t\t<\/div>\n\t\t<div class=\"elementor-element elementor-element-c751a28 e-con-full e-con\" data-id=\"c751a28\" data-element_type=\"container\" data-settings=\"{&quot;content_width&quot;:&quot;full&quot;}\">\n\t\t\t\t<div class=\"elementor-element elementor-element-3ff1104 elementor-position-top elementor-vertical-align-top elementor-widget elementor-widget-image-box\" data-id=\"3ff1104\" data-element_type=\"widget\" data-widget_type=\"image-box.default\">\n\t\t\t\t<div class=\"elementor-widget-container\">\n\t\t\t<div class=\"elementor-image-box-wrapper\"><figure class=\"elementor-image-box-img\"><img loading=\"lazy\" decoding=\"async\" width=\"489\" height=\"750\" src=\"https:\/\/centre-santex.be\/fr\/wp-content\/uploads\/michel-deschamps.jpg\" class=\"attachment-full size-full wp-image-817\" alt=\"\" srcset=\"https:\/\/centre-santex.be\/fr\/wp-content\/uploads\/michel-deschamps.jpg 489w, https:\/\/centre-santex.be\/fr\/wp-content\/uploads\/michel-deschamps-391x600.jpg 391w\" sizes=\"auto, (max-width: 489px) 100vw, 489px\" \/><\/figure><div class=\"elementor-image-box-content\"><h3 class=\"elementor-image-box-title\">Dr Deschamps Michel<\/h3><p class=\"elementor-image-box-description\">G\u00e9n\u00e9raliste<\/p><\/div><\/div>\t\t<\/div>\n\t\t\t\t<\/div>\n\t\t\t\t<\/div>\n\t\t<div class=\"elementor-element elementor-element-17ff51d e-con-full e-con\" data-id=\"17ff51d\" data-element_type=\"container\" data-settings=\"{&quot;content_width&quot;:&quot;full&quot;}\">\n\t\t\t\t<div class=\"elementor-element elementor-element-7fe568a elementor-position-top elementor-vertical-align-top elementor-widget elementor-widget-image-box\" data-id=\"7fe568a\" data-element_type=\"widget\" data-widget_type=\"image-box.default\">\n\t\t\t\t<div class=\"elementor-widget-container\">\n\t\t\t<div class=\"elementor-image-box-wrapper\"><figure class=\"elementor-image-box-img\"><img loading=\"lazy\" decoding=\"async\" width=\"489\" height=\"750\" src=\"https:\/\/centre-santex.be\/fr\/wp-content\/uploads\/Mask-group-1-1.jpg\" class=\"attachment-full size-full wp-image-445\" alt=\"\" srcset=\"https:\/\/centre-santex.be\/fr\/wp-content\/uploads\/Mask-group-1-1.jpg 489w, https:\/\/centre-santex.be\/fr\/wp-content\/uploads\/Mask-group-1-1-391x600.jpg 391w\" sizes=\"auto, (max-width: 489px) 100vw, 489px\" \/><\/figure><div class=\"elementor-image-box-content\"><h3 class=\"elementor-image-box-title\">Dr Dryjski Jazek<\/h3><p class=\"elementor-image-box-description\">Chirurgien g\u00e9n\u00e9ral et maladie de la peau<\/p><\/div><\/div>\t\t<\/div>\n\t\t\t\t<\/div>\n\t\t\t\t<\/div>\n\t\t<div class=\"elementor-element elementor-element-a52bc46 e-con-full e-con\" data-id=\"a52bc46\" data-element_type=\"container\" data-settings=\"{&quot;content_width&quot;:&quot;full&quot;}\">\n\t\t\t\t<div class=\"elementor-element elementor-element-818142e elementor-position-top elementor-vertical-align-top elementor-widget elementor-widget-image-box\" data-id=\"818142e\" data-element_type=\"widget\" data-widget_type=\"image-box.default\">\n\t\t\t\t<div class=\"elementor-widget-container\">\n\t\t\t<div class=\"elementor-image-box-wrapper\"><figure class=\"elementor-image-box-img\"><img loading=\"lazy\" decoding=\"async\" width=\"489\" height=\"750\" src=\"https:\/\/centre-santex.be\/fr\/wp-content\/uploads\/Mask-group-1-1.jpg\" class=\"attachment-full size-full wp-image-445\" alt=\"\" srcset=\"https:\/\/centre-santex.be\/fr\/wp-content\/uploads\/Mask-group-1-1.jpg 489w, https:\/\/centre-santex.be\/fr\/wp-content\/uploads\/Mask-group-1-1-391x600.jpg 391w\" sizes=\"auto, (max-width: 489px) 100vw, 489px\" \/><\/figure><div class=\"elementor-image-box-content\"><h3 class=\"elementor-image-box-title\">Dr Plichart Bernard<\/h3><p class=\"elementor-image-box-description\">Radiologue<\/p><\/div><\/div>\t\t<\/div>\n\t\t\t\t<\/div>\n\t\t\t\t<\/div>\n\t\t<div class=\"elementor-element elementor-element-792f7b6 e-con-full e-con\" data-id=\"792f7b6\" data-element_type=\"container\" data-settings=\"{&quot;content_width&quot;:&quot;full&quot;}\">\n\t\t\t\t<div class=\"elementor-element elementor-element-87d7b76 elementor-position-top elementor-vertical-align-top elementor-widget elementor-widget-image-box\" data-id=\"87d7b76\" data-element_type=\"widget\" data-widget_type=\"image-box.default\">\n\t\t\t\t<div class=\"elementor-widget-container\">\n\t\t\t<div class=\"elementor-image-box-wrapper\"><figure class=\"elementor-image-box-img\"><img loading=\"lazy\" decoding=\"async\" width=\"489\" height=\"750\" src=\"https:\/\/centre-santex.be\/fr\/wp-content\/uploads\/Mask-group-1-1.jpg\" class=\"attachment-full size-full wp-image-445\" alt=\"\" srcset=\"https:\/\/centre-santex.be\/fr\/wp-content\/uploads\/Mask-group-1-1.jpg 489w, https:\/\/centre-santex.be\/fr\/wp-content\/uploads\/Mask-group-1-1-391x600.jpg 391w\" sizes=\"auto, (max-width: 489px) 100vw, 489px\" \/><\/figure><div class=\"elementor-image-box-content\"><h3 class=\"elementor-image-box-title\">Dr Gris Philippe<\/h3><p class=\"elementor-image-box-description\">Pneumologue<\/p><\/div><\/div>\t\t<\/div>\n\t\t\t\t<\/div>\n\t\t\t\t<\/div>\n\t\t<div class=\"elementor-element elementor-element-ce8f0f4 e-con-full e-con\" data-id=\"ce8f0f4\" data-element_type=\"container\" data-settings=\"{&quot;content_width&quot;:&quot;full&quot;}\">\n\t\t\t\t<div class=\"elementor-element elementor-element-4bd979a elementor-position-top elementor-vertical-align-top elementor-widget elementor-widget-image-box\" data-id=\"4bd979a\" data-element_type=\"widget\" data-widget_type=\"image-box.default\">\n\t\t\t\t<div class=\"elementor-widget-container\">\n\t\t\t<div class=\"elementor-image-box-wrapper\"><figure class=\"elementor-image-box-img\"><img loading=\"lazy\" decoding=\"async\" width=\"489\" height=\"750\" src=\"https:\/\/centre-santex.be\/fr\/wp-content\/uploads\/Mask-group-1-1.jpg\" class=\"attachment-full size-full wp-image-445\" alt=\"\" srcset=\"https:\/\/centre-santex.be\/fr\/wp-content\/uploads\/Mask-group-1-1.jpg 489w, https:\/\/centre-santex.be\/fr\/wp-content\/uploads\/Mask-group-1-1-391x600.jpg 391w\" sizes=\"auto, (max-width: 489px) 100vw, 489px\" \/><\/figure><div class=\"elementor-image-box-content\"><h3 class=\"elementor-image-box-title\">Dr Nsengi Marie-France<\/h3><p class=\"elementor-image-box-description\">P\u00e9diatre<\/p><\/div><\/div>\t\t<\/div>\n\t\t\t\t<\/div>\n\t\t\t\t<\/div>\n\t\t<div class=\"elementor-element elementor-element-ef0a2be e-con-full e-con\" data-id=\"ef0a2be\" data-element_type=\"container\" data-settings=\"{&quot;content_width&quot;:&quot;full&quot;}\">\n\t\t\t\t<div class=\"elementor-element elementor-element-343b9fc elementor-position-top elementor-vertical-align-top elementor-widget elementor-widget-image-box\" data-id=\"343b9fc\" data-element_type=\"widget\" data-widget_type=\"image-box.default\">\n\t\t\t\t<div class=\"elementor-widget-container\">\n\t\t\t<div class=\"elementor-image-box-wrapper\"><figure class=\"elementor-image-box-img\"><img loading=\"lazy\" decoding=\"async\" width=\"489\" height=\"750\" src=\"https:\/\/centre-santex.be\/fr\/wp-content\/uploads\/Mask-group-1-1.jpg\" class=\"attachment-full size-full wp-image-445\" alt=\"\" srcset=\"https:\/\/centre-santex.be\/fr\/wp-content\/uploads\/Mask-group-1-1.jpg 489w, https:\/\/centre-santex.be\/fr\/wp-content\/uploads\/Mask-group-1-1-391x600.jpg 391w\" sizes=\"auto, (max-width: 489px) 100vw, 489px\" \/><\/figure><div class=\"elementor-image-box-content\"><h3 class=\"elementor-image-box-title\">Dr Nsengi Marie-France<\/h3><p class=\"elementor-image-box-description\">P\u00e9diatre<\/p><\/div><\/div>\t\t<\/div>\n\t\t\t\t<\/div>\n\t\t\t\t<\/div>\n\t\t<div class=\"elementor-element elementor-element-ce6fa94 e-con-full e-con\" data-id=\"ce6fa94\" data-element_type=\"container\" data-settings=\"{&quot;content_width&quot;:&quot;full&quot;}\">\n\t\t\t\t<div class=\"elementor-element elementor-element-6169d58 elementor-position-top elementor-vertical-align-top elementor-widget elementor-widget-image-box\" data-id=\"6169d58\" data-element_type=\"widget\" data-widget_type=\"image-box.default\">\n\t\t\t\t<div class=\"elementor-widget-container\">\n\t\t\t<div class=\"elementor-image-box-wrapper\"><figure class=\"elementor-image-box-img\"><img loading=\"lazy\" decoding=\"async\" width=\"489\" height=\"750\" src=\"https:\/\/centre-santex.be\/fr\/wp-content\/uploads\/Mask-group-1-1.jpg\" class=\"attachment-full size-full wp-image-445\" alt=\"\" srcset=\"https:\/\/centre-santex.be\/fr\/wp-content\/uploads\/Mask-group-1-1.jpg 489w, https:\/\/centre-santex.be\/fr\/wp-content\/uploads\/Mask-group-1-1-391x600.jpg 391w\" sizes=\"auto, (max-width: 489px) 100vw, 489px\" \/><\/figure><div class=\"elementor-image-box-content\"><h3 class=\"elementor-image-box-title\">Berchicci Mario<\/h3><p class=\"elementor-image-box-description\">Socioth\u00e9rapeute, psychoth\u00e9rapeute et sexologue clinicien<\/p><\/div><\/div>\t\t<\/div>\n\t\t\t\t<\/div>\n\t\t\t\t<\/div>\n\t\t<div class=\"elementor-element elementor-element-2413c08 e-con-full e-con\" data-id=\"2413c08\" data-element_type=\"container\" data-settings=\"{&quot;content_width&quot;:&quot;full&quot;}\">\n\t\t\t\t<div class=\"elementor-element elementor-element-9d65a57 elementor-position-top elementor-vertical-align-top elementor-widget elementor-widget-image-box\" data-id=\"9d65a57\" data-element_type=\"widget\" data-widget_type=\"image-box.default\">\n\t\t\t\t<div class=\"elementor-widget-container\">\n\t\t\t<div class=\"elementor-image-box-wrapper\"><figure class=\"elementor-image-box-img\"><img loading=\"lazy\" decoding=\"async\" width=\"489\" height=\"750\" src=\"https:\/\/centre-santex.be\/fr\/wp-content\/uploads\/Mask-group-4-1.jpg\" class=\"attachment-full size-full wp-image-852\" alt=\"\" srcset=\"https:\/\/centre-santex.be\/fr\/wp-content\/uploads\/Mask-group-4-1.jpg 489w, https:\/\/centre-santex.be\/fr\/wp-content\/uploads\/Mask-group-4-1-391x600.jpg 391w\" sizes=\"auto, (max-width: 489px) 100vw, 489px\" \/><\/figure><div class=\"elementor-image-box-content\"><h3 class=\"elementor-image-box-title\">Dr Njomgang Colette<\/h3><p class=\"elementor-image-box-description\">Ophtalmologue<\/p><\/div><\/div>\t\t<\/div>\n\t\t\t\t<\/div>\n\t\t\t\t<\/div>\n\t\t<div class=\"elementor-element elementor-element-cd53940 e-con-full e-con\" data-id=\"cd53940\" data-element_type=\"container\" data-settings=\"{&quot;content_width&quot;:&quot;full&quot;}\">\n\t\t\t\t<\/div>\n\t\t<div class=\"elementor-element elementor-element-e2d940e e-con-full e-con\" data-id=\"e2d940e\" data-element_type=\"container\" data-settings=\"{&quot;content_width&quot;:&quot;full&quot;}\">\n\t\t\t\t<\/div>\n\t\t\t\t<\/div>\n\t\t\t\t\t<\/div>\n\t\t\t\t<\/div>\n\t\t\t\t\t\t\t<\/div>\n\t\t","protected":false},"excerpt":{"rendered":"<p>Dr Kamnang Jeanine Gyn\u00e9cologue-obst\u00e9tricien\u00c9chographie obst\u00e9trical Vanessa Mulop Infirmi\u00e8re Dr Monnoyer B\u00e9r\u00e9nice Gyn\u00e9cologue-obst\u00e9tricien et \u00e9chographie obst\u00e9tricale Geiger Thifany Psychologue Dr Fenzy Marc Chirurgien orthop\u00e9dique Dr Deschamps Michel G\u00e9n\u00e9raliste Dr Dryjski Jazek Chirurgien g\u00e9n\u00e9ral et maladie de la peau Dr Plichart Bernard Radiologue Dr Gris Philippe Pneumologue Dr Nsengi Marie-France P\u00e9diatre Dr Nsengi Marie-France P\u00e9diatre Berchicci Mario [&hellip;]<\/p>\n","protected":false},"author":1,"featured_media":0,"parent":0,"menu_order":0,"comment_status":"closed","ping_status":"closed","template":"","meta":{"footnotes":""},"class_list":["post-270","page","type-page","status-publish","hentry"],"_links":{"self":[{"href":"https:\/\/centre-santex.be\/fr\/wp-json\/wp\/v2\/pages\/270","targetHints":{"allow":["GET"]}}],"collection":[{"href":"https:\/\/centre-santex.be\/fr\/wp-json\/wp\/v2\/pages"}],"about":[{"href":"https:\/\/centre-santex.be\/fr\/wp-json\/wp\/v2\/types\/page"}],"author":[{"embeddable":true,"href":"https:\/\/centre-santex.be\/fr\/wp-json\/wp\/v2\/users\/1"}],"replies":[{"embeddable":true,"href":"https:\/\/centre-santex.be\/fr\/wp-json\/wp\/v2\/comments?post=270"}],"version-history":[{"count":34,"href":"https:\/\/centre-santex.be\/fr\/wp-json\/wp\/v2\/pages\/270\/revisions"}],"predecessor-version":[{"id":859,"href":"https:\/\/centre-santex.be\/fr\/wp-json\/wp\/v2\/pages\/270\/revisions\/859"}],"wp:attachment":[{"href":"https:\/\/centre-santex.be\/fr\/wp-json\/wp\/v2\/media?parent=270"}],"curies":[{"name":"wp","href":"https:\/\/api.w.org\/{rel}","templated":true}]}}