{"id":58,"date":"2023-02-06T03:50:13","date_gmt":"2023-02-06T02:50:13","guid":{"rendered":"https:\/\/centre-santex.be\/fr\/?page_id=58"},"modified":"2025-06-27T13:06:32","modified_gmt":"2025-06-27T11:06:32","slug":"a-propos","status":"publish","type":"page","link":"https:\/\/centre-santex.be\/fr\/a-propos\/","title":{"rendered":"\u00c0 propos"},"content":{"rendered":"\t\t<div data-elementor-type=\"wp-page\" data-elementor-id=\"58\" class=\"elementor elementor-58\">\n\t\t\t\t\t\t\t<div class=\"elementor-element elementor-element-bf5fd50 e-con-boxed e-con\" data-id=\"bf5fd50\" data-element_type=\"container\" data-settings=\"{&quot;content_width&quot;:&quot;boxed&quot;}\">\n\t\t\t\t\t<div class=\"e-con-inner\">\n\t\t<div class=\"elementor-element elementor-element-4746e03 e-con-full e-con\" data-id=\"4746e03\" data-element_type=\"container\" data-settings=\"{&quot;content_width&quot;:&quot;full&quot;}\">\n\t\t\t\t<div class=\"elementor-element elementor-element-fdb1740 elementor-widget elementor-widget-heading\" data-id=\"fdb1740\" data-element_type=\"widget\" data-widget_type=\"heading.default\">\n\t\t\t\t<div class=\"elementor-widget-container\">\n\t\t\t<style>\/*! elementor - v3.10.2 - 29-01-2023 *\/\n.elementor-heading-title{padding:0;margin:0;line-height:1}.elementor-widget-heading .elementor-heading-title[class*=elementor-size-]>a{color:inherit;font-size:inherit;line-height:inherit}.elementor-widget-heading .elementor-heading-title.elementor-size-small{font-size:15px}.elementor-widget-heading .elementor-heading-title.elementor-size-medium{font-size:19px}.elementor-widget-heading .elementor-heading-title.elementor-size-large{font-size:29px}.elementor-widget-heading .elementor-heading-title.elementor-size-xl{font-size:39px}.elementor-widget-heading .elementor-heading-title.elementor-size-xxl{font-size:59px}<\/style><h2 class=\"elementor-heading-title elementor-size-default\">\u00c0 propos de nous<\/h2>\t\t<\/div>\n\t\t\t\t<\/div>\n\t\t\t\t<div class=\"elementor-element elementor-element-37a4a51 elementor-widget elementor-widget-text-editor\" data-id=\"37a4a51\" data-element_type=\"widget\" data-widget_type=\"text-editor.default\">\n\t\t\t\t<div class=\"elementor-widget-container\">\n\t\t\t<style>\/*! elementor - v3.10.2 - 29-01-2023 *\/\n.elementor-widget-text-editor.elementor-drop-cap-view-stacked .elementor-drop-cap{background-color:#818a91;color:#fff}.elementor-widget-text-editor.elementor-drop-cap-view-framed .elementor-drop-cap{color:#818a91;border:3px solid;background-color:transparent}.elementor-widget-text-editor:not(.elementor-drop-cap-view-default) .elementor-drop-cap{margin-top:8px}.elementor-widget-text-editor:not(.elementor-drop-cap-view-default) .elementor-drop-cap-letter{width:1em;height:1em}.elementor-widget-text-editor .elementor-drop-cap{float:left;text-align:center;line-height:1;font-size:50px}.elementor-widget-text-editor .elementor-drop-cap-letter{display:inline-block}<\/style>\t\t\t\t<p>Au sein du centre Santex, nous mettons \u00e0 votre disposition une expertise approfondie d\u00e9di\u00e9e \u00e0 votre bien-\u00eatre.<\/p><p>Gr\u00e2ce \u00e0 notre \u00e9quipe de professionnels aux comp\u00e9tences multiples, nous sommes en mesure de vous accompagner de mani\u00e8re compl\u00e8te pour r\u00e9pondre \u00e0 tous vos besoins en mati\u00e8re de sant\u00e9. Que ce soit dans le domaine de la m\u00e9decine g\u00e9n\u00e9rale, de la chirurgie, de la radiologie, de la psychologie, de la p\u00e9diatrie ou encore de la sexologie, notre \u00e9quipe pluridisciplinaire est l\u00e0 pour \u00eatre votre interlocuteur privil\u00e9gi\u00e9.<\/p><p>Nous comprenons l&rsquo;importance d&rsquo;avoir un seul point de contact fiable et comp\u00e9tent pour toutes vos pr\u00e9occupations m\u00e9dicales.<\/p><p>Avec Santex, vous b\u00e9n\u00e9ficiez d&rsquo;un suivi personnalis\u00e9 et d&rsquo;une prise en charge globale de votre sant\u00e9.<\/p>\t\t\t\t\t\t<\/div>\n\t\t\t\t<\/div>\n\t\t\t\t<\/div>\n\t\t<div class=\"elementor-element elementor-element-cb97254 e-con-full e-con\" data-id=\"cb97254\" data-element_type=\"container\" data-settings=\"{&quot;content_width&quot;:&quot;full&quot;}\">\n\t\t\t\t<div class=\"elementor-element elementor-element-99129d5 gallery-spacing-custom elementor-widget elementor-widget-image-gallery\" data-id=\"99129d5\" data-element_type=\"widget\" data-widget_type=\"image-gallery.default\">\n\t\t\t\t<div class=\"elementor-widget-container\">\n\t\t\t<style>\/*! elementor - v3.10.2 - 29-01-2023 *\/\n.elementor-image-gallery .gallery-item{display:inline-block;text-align:center;vertical-align:top;width:100%;max-width:100%;margin:0 auto}.elementor-image-gallery .gallery-item img{margin:0 auto}.elementor-image-gallery .gallery-item .gallery-caption{margin:0}.elementor-image-gallery figure img{display:block}.elementor-image-gallery figure figcaption{width:100%}.gallery-spacing-custom .elementor-image-gallery .gallery-icon{padding:0}@media (min-width:768px){.elementor-image-gallery .gallery-columns-2 .gallery-item{max-width:50%}.elementor-image-gallery .gallery-columns-3 .gallery-item{max-width:33.33%}.elementor-image-gallery .gallery-columns-4 .gallery-item{max-width:25%}.elementor-image-gallery .gallery-columns-5 .gallery-item{max-width:20%}.elementor-image-gallery .gallery-columns-6 .gallery-item{max-width:16.666%}.elementor-image-gallery .gallery-columns-7 .gallery-item{max-width:14.28%}.elementor-image-gallery .gallery-columns-8 .gallery-item{max-width:12.5%}.elementor-image-gallery .gallery-columns-9 .gallery-item{max-width:11.11%}.elementor-image-gallery .gallery-columns-10 .gallery-item{max-width:10%}}@media (min-width:480px) and (max-width:767px){.elementor-image-gallery .gallery.gallery-columns-2 .gallery-item,.elementor-image-gallery .gallery.gallery-columns-3 .gallery-item,.elementor-image-gallery .gallery.gallery-columns-4 .gallery-item,.elementor-image-gallery .gallery.gallery-columns-5 .gallery-item,.elementor-image-gallery .gallery.gallery-columns-6 .gallery-item,.elementor-image-gallery .gallery.gallery-columns-7 .gallery-item,.elementor-image-gallery .gallery.gallery-columns-8 .gallery-item,.elementor-image-gallery .gallery.gallery-columns-9 .gallery-item,.elementor-image-gallery .gallery.gallery-columns-10 .gallery-item{max-width:50%}}@media (max-width:479px){.elementor-image-gallery .gallery.gallery-columns-2 .gallery-item,.elementor-image-gallery .gallery.gallery-columns-3 .gallery-item,.elementor-image-gallery .gallery.gallery-columns-4 .gallery-item,.elementor-image-gallery .gallery.gallery-columns-5 .gallery-item,.elementor-image-gallery .gallery.gallery-columns-6 .gallery-item,.elementor-image-gallery .gallery.gallery-columns-7 .gallery-item,.elementor-image-gallery .gallery.gallery-columns-8 .gallery-item,.elementor-image-gallery .gallery.gallery-columns-9 .gallery-item,.elementor-image-gallery .gallery.gallery-columns-10 .gallery-item{max-width:100%}}<\/style>\t\t<div class=\"elementor-image-gallery\">\n\t\t\t<div id='gallery-1' class='gallery galleryid-58 gallery-columns-2 gallery-size-thumbnail'><figure class='gallery-item'>\n\t\t\t<div class='gallery-icon landscape'>\n\t\t\t\t<a data-elementor-open-lightbox=\"yes\" data-elementor-lightbox-slideshow=\"99129d5\" data-elementor-lightbox-title=\"01 - facade A\" e-action-hash=\"#elementor-action%3Aaction%3Dlightbox%26settings%3DeyJpZCI6NjI0LCJ1cmwiOiJodHRwczpcL1wvY2VudHJlLXNhbnRleC5iZVwvZnJcL3dwLWNvbnRlbnRcL3VwbG9hZHNcLzAxLWZhY2FkZS1BLmpwZyIsInNsaWRlc2hvdyI6Ijk5MTI5ZDUifQ%3D%3D\" href='https:\/\/centre-santex.be\/fr\/wp-content\/uploads\/01-facade-A.jpg'><img loading=\"lazy\" decoding=\"async\" width=\"300\" height=\"300\" src=\"https:\/\/centre-santex.be\/fr\/wp-content\/uploads\/01-facade-A-300x300.jpg\" class=\"attachment-thumbnail size-thumbnail\" alt=\"\" \/><\/a>\n\t\t\t<\/div><\/figure><figure class='gallery-item'>\n\t\t\t<div class='gallery-icon landscape'>\n\t\t\t\t<a data-elementor-open-lightbox=\"yes\" data-elementor-lightbox-slideshow=\"99129d5\" data-elementor-lightbox-title=\"02 - facade B\" e-action-hash=\"#elementor-action%3Aaction%3Dlightbox%26settings%3DeyJpZCI6NjE3LCJ1cmwiOiJodHRwczpcL1wvY2VudHJlLXNhbnRleC5iZVwvZnJcL3dwLWNvbnRlbnRcL3VwbG9hZHNcLzAyLWZhY2FkZS1CLTEuanBnIiwic2xpZGVzaG93IjoiOTkxMjlkNSJ9\" href='https:\/\/centre-santex.be\/fr\/wp-content\/uploads\/02-facade-B-1.jpg'><img loading=\"lazy\" decoding=\"async\" width=\"300\" height=\"300\" src=\"https:\/\/centre-santex.be\/fr\/wp-content\/uploads\/02-facade-B-1-300x300.jpg\" class=\"attachment-thumbnail size-thumbnail\" alt=\"\" \/><\/a>\n\t\t\t<\/div><\/figure><figure class='gallery-item'>\n\t\t\t<div class='gallery-icon portrait'>\n\t\t\t\t<a data-elementor-open-lightbox=\"yes\" data-elementor-lightbox-slideshow=\"99129d5\" data-elementor-lightbox-title=\"5.Couloir\" e-action-hash=\"#elementor-action%3Aaction%3Dlightbox%26settings%3DeyJpZCI6NDA4LCJ1cmwiOiJodHRwczpcL1wvY2VudHJlLXNhbnRleC5iZVwvZnJcL3dwLWNvbnRlbnRcL3VwbG9hZHNcLzUuQ291bG9pci5qcGciLCJzbGlkZXNob3ciOiI5OTEyOWQ1In0%3D\" href='https:\/\/centre-santex.be\/fr\/wp-content\/uploads\/5.Couloir.jpg'><img loading=\"lazy\" decoding=\"async\" width=\"300\" height=\"300\" src=\"https:\/\/centre-santex.be\/fr\/wp-content\/uploads\/5.Couloir-300x300.jpg\" class=\"attachment-thumbnail size-thumbnail\" alt=\"\" \/><\/a>\n\t\t\t<\/div><\/figure><figure class='gallery-item'>\n\t\t\t<div class='gallery-icon landscape'>\n\t\t\t\t<a data-elementor-open-lightbox=\"yes\" data-elementor-lightbox-slideshow=\"99129d5\" data-elementor-lightbox-title=\"Header B\" e-action-hash=\"#elementor-action%3Aaction%3Dlightbox%26settings%3DeyJpZCI6MzY1LCJ1cmwiOiJodHRwczpcL1wvY2VudHJlLXNhbnRleC5iZVwvZnJcL3dwLWNvbnRlbnRcL3VwbG9hZHNcL0hlYWRlci1CLXNjYWxlZC5qcGciLCJzbGlkZXNob3ciOiI5OTEyOWQ1In0%3D\" href='https:\/\/centre-santex.be\/fr\/wp-content\/uploads\/Header-B-scaled.jpg'><img loading=\"lazy\" decoding=\"async\" width=\"300\" height=\"300\" src=\"https:\/\/centre-santex.be\/fr\/wp-content\/uploads\/Header-B-300x300.jpg\" class=\"attachment-thumbnail size-thumbnail\" alt=\"\" \/><\/a>\n\t\t\t<\/div><\/figure>\n\t\t<\/div>\n\t\t<\/div>\n\t\t\t\t<\/div>\n\t\t\t\t<\/div>\n\t\t\t\t<\/div>\n\t\t\t\t\t<\/div>\n\t\t\t\t<\/div>\n\t\t\t\t\t\t\t<\/div>\n\t\t","protected":false},"excerpt":{"rendered":"<p>\u00c0 propos de nous Au sein du centre Santex, nous mettons \u00e0 votre disposition une expertise approfondie d\u00e9di\u00e9e \u00e0 votre bien-\u00eatre. Gr\u00e2ce \u00e0 notre \u00e9quipe de professionnels aux comp\u00e9tences multiples, nous sommes en mesure de vous accompagner de mani\u00e8re compl\u00e8te pour r\u00e9pondre \u00e0 tous vos besoins en mati\u00e8re de sant\u00e9. Que ce soit dans le [&hellip;]<\/p>\n","protected":false},"author":1,"featured_media":0,"parent":0,"menu_order":0,"comment_status":"closed","ping_status":"closed","template":"","meta":{"footnotes":""},"class_list":["post-58","page","type-page","status-publish","hentry"],"_links":{"self":[{"href":"https:\/\/centre-santex.be\/fr\/wp-json\/wp\/v2\/pages\/58","targetHints":{"allow":["GET"]}}],"collection":[{"href":"https:\/\/centre-santex.be\/fr\/wp-json\/wp\/v2\/pages"}],"about":[{"href":"https:\/\/centre-santex.be\/fr\/wp-json\/wp\/v2\/types\/page"}],"author":[{"embeddable":true,"href":"https:\/\/centre-santex.be\/fr\/wp-json\/wp\/v2\/users\/1"}],"replies":[{"embeddable":true,"href":"https:\/\/centre-santex.be\/fr\/wp-json\/wp\/v2\/comments?post=58"}],"version-history":[{"count":35,"href":"https:\/\/centre-santex.be\/fr\/wp-json\/wp\/v2\/pages\/58\/revisions"}],"predecessor-version":[{"id":865,"href":"https:\/\/centre-santex.be\/fr\/wp-json\/wp\/v2\/pages\/58\/revisions\/865"}],"wp:attachment":[{"href":"https:\/\/centre-santex.be\/fr\/wp-json\/wp\/v2\/media?parent=58"}],"curies":[{"name":"wp","href":"https:\/\/api.w.org\/{rel}","templated":true}]}}