{"id":59,"date":"2023-02-06T03:50:15","date_gmt":"2023-02-06T02:50:15","guid":{"rendered":"https:\/\/centre-santex.be\/fr\/?page_id=59"},"modified":"2023-06-08T23:53:46","modified_gmt":"2023-06-08T21:53:46","slug":"specialisations","status":"publish","type":"page","link":"https:\/\/centre-santex.be\/fr\/specialisations\/","title":{"rendered":"Sp\u00e9cialisations"},"content":{"rendered":"\t\t<div data-elementor-type=\"wp-page\" data-elementor-id=\"59\" class=\"elementor elementor-59\">\n\t\t\t\t\t\t\t<div class=\"elementor-element elementor-element-d25353c e-con-boxed e-con\" data-id=\"d25353c\" data-element_type=\"container\" data-settings=\"{&quot;background_background&quot;:&quot;classic&quot;,&quot;content_width&quot;:&quot;boxed&quot;}\">\n\t\t\t\t\t<div class=\"e-con-inner\">\n\t\t<div class=\"elementor-element elementor-element-4710fa2 e-con-full e-con\" data-id=\"4710fa2\" data-element_type=\"container\" data-settings=\"{&quot;content_width&quot;:&quot;full&quot;}\">\n\t\t<div class=\"elementor-element elementor-element-9dddb37 e-con-full e-con\" data-id=\"9dddb37\" data-element_type=\"container\" data-settings=\"{&quot;content_width&quot;:&quot;full&quot;}\">\n\t\t<div class=\"elementor-element elementor-element-fc52ad8 e-con-full e-con\" data-id=\"fc52ad8\" data-element_type=\"container\" data-settings=\"{&quot;content_width&quot;:&quot;full&quot;}\">\n\t\t\t\t<div class=\"elementor-element elementor-element-d5ff356 elementor-position-top elementor-vertical-align-top elementor-widget elementor-widget-image-box\" data-id=\"d5ff356\" data-element_type=\"widget\" data-widget_type=\"image-box.default\">\n\t\t\t\t<div class=\"elementor-widget-container\">\n\t\t\t<style>\/*! elementor - v3.10.2 - 29-01-2023 *\/\n.elementor-widget-image-box .elementor-image-box-content{width:100%}@media (min-width:768px){.elementor-widget-image-box.elementor-position-left .elementor-image-box-wrapper,.elementor-widget-image-box.elementor-position-right .elementor-image-box-wrapper{display:flex}.elementor-widget-image-box.elementor-position-right .elementor-image-box-wrapper{text-align:right;flex-direction:row-reverse}.elementor-widget-image-box.elementor-position-left .elementor-image-box-wrapper{text-align:left;flex-direction:row}.elementor-widget-image-box.elementor-position-top .elementor-image-box-img{margin:auto}.elementor-widget-image-box.elementor-vertical-align-top .elementor-image-box-wrapper{align-items:flex-start}.elementor-widget-image-box.elementor-vertical-align-middle .elementor-image-box-wrapper{align-items:center}.elementor-widget-image-box.elementor-vertical-align-bottom .elementor-image-box-wrapper{align-items:flex-end}}@media (max-width:767px){.elementor-widget-image-box .elementor-image-box-img{margin-left:auto!important;margin-right:auto!important;margin-bottom:15px}}.elementor-widget-image-box .elementor-image-box-img{display:inline-block}.elementor-widget-image-box .elementor-image-box-title a{color:inherit}.elementor-widget-image-box .elementor-image-box-wrapper{text-align:center}.elementor-widget-image-box .elementor-image-box-description{margin:0}<\/style><div class=\"elementor-image-box-wrapper\"><figure class=\"elementor-image-box-img\"><img loading=\"lazy\" decoding=\"async\" width=\"640\" height=\"640\" src=\"https:\/\/centre-santex.be\/fr\/wp-content\/uploads\/scalpel.gif\" class=\"attachment-full size-full wp-image-457\" alt=\"\" \/><\/figure><div class=\"elementor-image-box-content\"><h3 class=\"elementor-image-box-title\">Chirurgie<\/h3><p class=\"elementor-image-box-description\">Nos chirurgiens experts offrent une gamme vari\u00e9e de proc\u00e9dures et de traitements en chirurgie g\u00e9n\u00e9rale, notamment pour les maladies abdominales, m\u00e9taboliques, les affections de la peau et les tumeurs malignes. En chirurgie orthop\u00e9dique, notre \u00e9quipe sp\u00e9cialis\u00e9e traite les probl\u00e8mes li\u00e9s aux muscles, aux os, aux articulations et aux ligaments. Nous proposons des solutions pour soulager la douleur, am\u00e9liorer la mobilit\u00e9 et reconstruire les zones corporelles endommag\u00e9es. Nous sommes l\u00e0 pour vous offrir des soins sp\u00e9cialis\u00e9s et adapt\u00e9s \u00e0 vos besoins de sant\u00e9.\n\n\n\n\n<\/p><\/div><\/div>\t\t<\/div>\n\t\t\t\t<\/div>\n\t\t\t\t<\/div>\n\t\t<div class=\"elementor-element elementor-element-3e6ae62 e-con-full e-con\" data-id=\"3e6ae62\" data-element_type=\"container\" data-settings=\"{&quot;content_width&quot;:&quot;full&quot;}\">\n\t\t\t\t<div class=\"elementor-element elementor-element-2bb7eb8 elementor-position-top elementor-vertical-align-top elementor-widget elementor-widget-image-box\" data-id=\"2bb7eb8\" data-element_type=\"widget\" data-widget_type=\"image-box.default\">\n\t\t\t\t<div class=\"elementor-widget-container\">\n\t\t\t<div class=\"elementor-image-box-wrapper\"><figure class=\"elementor-image-box-img\"><img loading=\"lazy\" decoding=\"async\" width=\"640\" height=\"640\" src=\"https:\/\/centre-santex.be\/fr\/wp-content\/uploads\/ultrasound.gif\" class=\"attachment-full size-full wp-image-458\" alt=\"\" \/><\/figure><div class=\"elementor-image-box-content\"><h3 class=\"elementor-image-box-title\">\u00c9chographie obst\u00e9tricale<\/h3><p class=\"elementor-image-box-description\">L'\u00c9chographie Obst\u00e9tricale est une sp\u00e9cialit\u00e9 m\u00e9dicale qui permet aux professionnels de sant\u00e9 d'observer la sant\u00e9 et le d\u00e9veloppement de f\u0153tus dans l'ut\u00e9rus d'une femme. Notre \u00e9quipe de professionnels qualifi\u00e9s utilise l'imagerie ultrason pour surveiller leur sant\u00e9 et leur d\u00e9veloppement des premi\u00e8res \u00e9tapes de la grossesse jusqu'\u00e0 la naissance. Nous proposons \u00e9galement des tests non invasifs tels que le test de paternit\u00e9 pr\u00e9natal, le test de la maladie Rh, et le test du foie foetal. En utilisant des technologies de pointe, les plus hauts standards et des pratiques s\u00fbres, notre \u00e9quipe offre un service de qualit\u00e9 aux femmes et leurs b\u00e9b\u00e9s.<\/p><\/div><\/div>\t\t<\/div>\n\t\t\t\t<\/div>\n\t\t\t\t<\/div>\n\t\t<div class=\"elementor-element elementor-element-ebfd4ff e-con-full e-con\" data-id=\"ebfd4ff\" data-element_type=\"container\" data-settings=\"{&quot;content_width&quot;:&quot;full&quot;}\">\n\t\t\t\t<div class=\"elementor-element elementor-element-a7acf0c elementor-position-top elementor-vertical-align-top elementor-widget elementor-widget-image-box\" data-id=\"a7acf0c\" data-element_type=\"widget\" data-widget_type=\"image-box.default\">\n\t\t\t\t<div class=\"elementor-widget-container\">\n\t\t\t<div class=\"elementor-image-box-wrapper\"><figure class=\"elementor-image-box-img\"><img loading=\"lazy\" decoding=\"async\" width=\"640\" height=\"640\" src=\"https:\/\/centre-santex.be\/fr\/wp-content\/uploads\/vagina.gif\" class=\"attachment-full size-full wp-image-459\" alt=\"\" \/><\/figure><div class=\"elementor-image-box-content\"><h3 class=\"elementor-image-box-title\">Gyn\u00e9cologie<\/h3><p class=\"elementor-image-box-description\">La Gyn\u00e9cologie est une sp\u00e9cialit\u00e9 m\u00e9dicale qui vise \u00e0 promouvoir la sant\u00e9 et le bien-\u00eatre des femmes. Notre \u00e9quipe est compos\u00e9e de gyn\u00e9cologues qualifi\u00e9s qui offrent des conseils pour traiter tous les probl\u00e8mes li\u00e9s aux femmes, allant des questions courantes de sant\u00e9 \u00e0 des probl\u00e8mes plus graves tels que les cancers des organes g\u00e9nitaux, la chirurgie esth\u00e9tique et reconstructrice, et la m\u00e9nopause. Nous fournissons aux patientes un suivi personnalis\u00e9, en partenariat avec les prestataires de sant\u00e9 des diverses disciplines, pour promouvoir un environnement m\u00e9dical s\u00fbr et int\u00e9gratif.<\/p><\/div><\/div>\t\t<\/div>\n\t\t\t\t<\/div>\n\t\t\t\t<\/div>\n\t\t<div class=\"elementor-element elementor-element-814bb79 e-con-full e-con\" data-id=\"814bb79\" data-element_type=\"container\" data-settings=\"{&quot;content_width&quot;:&quot;full&quot;}\">\n\t\t\t\t<div class=\"elementor-element elementor-element-9e3a397 elementor-position-top elementor-vertical-align-top elementor-widget elementor-widget-image-box\" data-id=\"9e3a397\" data-element_type=\"widget\" data-widget_type=\"image-box.default\">\n\t\t\t\t<div class=\"elementor-widget-container\">\n\t\t\t<div class=\"elementor-image-box-wrapper\"><figure class=\"elementor-image-box-img\"><img loading=\"lazy\" decoding=\"async\" width=\"640\" height=\"640\" src=\"https:\/\/centre-santex.be\/fr\/wp-content\/uploads\/woman.gif\" class=\"attachment-full size-full wp-image-460\" alt=\"\" \/><\/figure><div class=\"elementor-image-box-content\"><h3 class=\"elementor-image-box-title\">Gyn\u00e9cologie obst\u00e9trique<\/h3><p class=\"elementor-image-box-description\">La Gyn\u00e9cologie Obstr\u00e9trique est une sp\u00e9cialit\u00e9 m\u00e9dicale qui combine les principes et les pratiques de la gyn\u00e9cologie et de l'obst\u00e9trique. Notre \u00e9quipe de gyn\u00e9cologues exp\u00e9riment\u00e9s offre des soins de haute qualit\u00e9 pour surveiller et aider les femmes enceintes \u00e0 travers des visites pr\u00e9natales et des examens syst\u00e9matiques, avec des tests et des vaccinations \u00e0 tous les stades de la grossesse. En plus de notre expertise m\u00e9dicale, nous fournissons un soutien psychologique durant cette p\u00e9riode et pla\u00e7ons les besoins et le bien-\u00eatre des patientes au centre de nos pr\u00e9occupations.<\/p><\/div><\/div>\t\t<\/div>\n\t\t\t\t<\/div>\n\t\t\t\t<\/div>\n\t\t<div class=\"elementor-element elementor-element-755a09a e-con-full e-con\" data-id=\"755a09a\" data-element_type=\"container\" data-settings=\"{&quot;content_width&quot;:&quot;full&quot;}\">\n\t\t\t\t<div class=\"elementor-element elementor-element-9666f80 elementor-position-top elementor-vertical-align-top elementor-widget elementor-widget-image-box\" data-id=\"9666f80\" data-element_type=\"widget\" data-widget_type=\"image-box.default\">\n\t\t\t\t<div class=\"elementor-widget-container\">\n\t\t\t<div class=\"elementor-image-box-wrapper\"><figure class=\"elementor-image-box-img\"><img loading=\"lazy\" decoding=\"async\" width=\"640\" height=\"640\" src=\"https:\/\/centre-santex.be\/fr\/wp-content\/uploads\/lifting.gif\" class=\"attachment-full size-full wp-image-461\" alt=\"\" \/><\/figure><div class=\"elementor-image-box-content\"><h3 class=\"elementor-image-box-title\">M\u00e9decine esth\u00e9tique<\/h3><p class=\"elementor-image-box-description\">La M\u00e9decine Esth\u00e9tique est une sp\u00e9cialit\u00e9 m\u00e9dicale qui vise \u00e0 am\u00e9liorer les traits physiques et le bien-\u00eatre de notre client\u00e8le. Notre \u00e9quipe se compose de m\u00e9decins qualifi\u00e9s qui offrent une vari\u00e9t\u00e9 de services sp\u00e9cialis\u00e9s pour r\u00e9pondre \u00e0 tous les besoins des patients, allant des traitements simples de rajeunissement \u00e0 des traitements plus complexes et invasifs propos\u00e9s avec une attention particuli\u00e8re pour un r\u00e9sultat naturel et durable. Nous sommes engag\u00e9s \u00e0 offrir les soins les plus innovants, s\u00e9curis\u00e9s et efficaces pour aider nos patients \u00e0 atteindre leurs objectifs esth\u00e9tiques.<\/p><\/div><\/div>\t\t<\/div>\n\t\t\t\t<\/div>\n\t\t\t\t<\/div>\n\t\t<div class=\"elementor-element elementor-element-458e98b e-con-full e-con\" data-id=\"458e98b\" data-element_type=\"container\" data-settings=\"{&quot;content_width&quot;:&quot;full&quot;}\">\n\t\t\t\t<div class=\"elementor-element elementor-element-e420e87 elementor-position-top elementor-vertical-align-top elementor-widget elementor-widget-image-box\" data-id=\"e420e87\" data-element_type=\"widget\" data-widget_type=\"image-box.default\">\n\t\t\t\t<div class=\"elementor-widget-container\">\n\t\t\t<div class=\"elementor-image-box-wrapper\"><figure class=\"elementor-image-box-img\"><img loading=\"lazy\" decoding=\"async\" width=\"640\" height=\"640\" src=\"https:\/\/centre-santex.be\/fr\/wp-content\/uploads\/medicine-1.gif\" class=\"attachment-full size-full wp-image-462\" alt=\"\" \/><\/figure><div class=\"elementor-image-box-content\"><h3 class=\"elementor-image-box-title\">M\u00e9decine g\u00e9n\u00e9rale<\/h3><p class=\"elementor-image-box-description\">La M\u00e9decine G\u00e9n\u00e9rale est une sp\u00e9cialit\u00e9 m\u00e9dicale qui traite les probl\u00e8mes courants li\u00e9s \u00e0 la sant\u00e9 physique et mentale des patients. Notre \u00e9quipe comprend des m\u00e9decins qualifi\u00e9s qui offrent des soins individuels aux patients pour le traitement et la pr\u00e9vention des maladies, ainsi que pour la gestion des conditions chroniques. Nous fournissons une approche holistique afin de traiter les patients et de les aider \u00e0 atteindre leur bien-\u00eatre. Nous prenons en charge chacun des besoins m\u00e9dicaux individuels et offrons un environnement de soins personnalis\u00e9 \u00e0 tous nos patients.<\/p><\/div><\/div>\t\t<\/div>\n\t\t\t\t<\/div>\n\t\t\t\t<\/div>\n\t\t<div class=\"elementor-element elementor-element-961de0e e-con-full e-con\" data-id=\"961de0e\" data-element_type=\"container\" data-settings=\"{&quot;content_width&quot;:&quot;full&quot;}\">\n\t\t\t\t<div class=\"elementor-element elementor-element-3993aa7 elementor-position-top elementor-vertical-align-top elementor-widget elementor-widget-image-box\" data-id=\"3993aa7\" data-element_type=\"widget\" data-widget_type=\"image-box.default\">\n\t\t\t\t<div class=\"elementor-widget-container\">\n\t\t\t<div class=\"elementor-image-box-wrapper\"><figure class=\"elementor-image-box-img\"><img loading=\"lazy\" decoding=\"async\" width=\"640\" height=\"640\" src=\"https:\/\/centre-santex.be\/fr\/wp-content\/uploads\/baby-boy.gif\" class=\"attachment-full size-full wp-image-463\" alt=\"\" \/><\/figure><div class=\"elementor-image-box-content\"><h3 class=\"elementor-image-box-title\">P\u00e9diatrie<\/h3><p class=\"elementor-image-box-description\">La P\u00e9diatrie est une sp\u00e9cialit\u00e9 m\u00e9dicale qui s'occupe des soins et du traitement pour les patients de moins de 18 ans. Notre \u00e9quipe de m\u00e9decins qualifi\u00e9s offre aux parents une vision d'ensemble de leurs besoins m\u00e9dicaux, en traitant les enfants du nourrisson \u00e0 l'adolescence. Nous proposons une monitors la vaccination, les exigences nutritionnelles, les d\u00e9fis \u00e9motionnels et les autres maladies infantiles. Notre personnel hautement sp\u00e9cialis\u00e9 s'assure que nos patients re\u00e7oivent les soins n\u00e9cessaires pour maintenir leur sant\u00e9 et leur bien-\u00eatre \u00e0 tous les stades du d\u00e9veloppement de l'enfant.<\/p><\/div><\/div>\t\t<\/div>\n\t\t\t\t<\/div>\n\t\t\t\t<\/div>\n\t\t<div class=\"elementor-element elementor-element-8306ee5 e-con-full e-con\" data-id=\"8306ee5\" data-element_type=\"container\" data-settings=\"{&quot;content_width&quot;:&quot;full&quot;}\">\n\t\t\t\t<div class=\"elementor-element elementor-element-2dd5d52 elementor-position-top elementor-vertical-align-top elementor-widget elementor-widget-image-box\" data-id=\"2dd5d52\" data-element_type=\"widget\" data-widget_type=\"image-box.default\">\n\t\t\t\t<div class=\"elementor-widget-container\">\n\t\t\t<div class=\"elementor-image-box-wrapper\"><figure class=\"elementor-image-box-img\"><img loading=\"lazy\" decoding=\"async\" width=\"640\" height=\"640\" src=\"https:\/\/centre-santex.be\/fr\/wp-content\/uploads\/nail-clipper.gif\" class=\"attachment-full size-full wp-image-464\" alt=\"\" \/><\/figure><div class=\"elementor-image-box-content\"><h3 class=\"elementor-image-box-title\">P\u00e9dicure m\u00e9dicale\t<\/h3><p class=\"elementor-image-box-description\">La P\u00e9dicure M\u00e9dicale est une pratique m\u00e9dicale sp\u00e9cialis\u00e9e qui prend en charge et traite une vari\u00e9t\u00e9 de probl\u00e8mes li\u00e9s aux pieds. La p\u00e9dicure m\u00e9dicale aborde la pr\u00e9vention, l'\u00e9valuation et le traitement du diab\u00e8te, des malformations cong\u00e9nitales et structurelles, des troubles de la peau et des ongles, ainsi que de la douleur et de l'inflammation. Notre \u00e9quipe de p\u00e9dicures certifi\u00e9es et exp\u00e9riment\u00e9es offre des soins de qualit\u00e9, en utilisant la technologie de pointe, des pratiques cliniques s\u00fbres et des services efficaces et personnalis\u00e9s.<\/p><\/div><\/div>\t\t<\/div>\n\t\t\t\t<\/div>\n\t\t\t\t<\/div>\n\t\t<div class=\"elementor-element elementor-element-ef00ec8 e-con-full e-con\" data-id=\"ef00ec8\" data-element_type=\"container\" data-settings=\"{&quot;content_width&quot;:&quot;full&quot;}\">\n\t\t\t\t<div class=\"elementor-element elementor-element-81edf68 elementor-position-top elementor-vertical-align-top elementor-widget elementor-widget-image-box\" data-id=\"81edf68\" data-element_type=\"widget\" data-widget_type=\"image-box.default\">\n\t\t\t\t<div class=\"elementor-widget-container\">\n\t\t\t<div class=\"elementor-image-box-wrapper\"><figure class=\"elementor-image-box-img\"><img loading=\"lazy\" decoding=\"async\" width=\"640\" height=\"640\" src=\"https:\/\/centre-santex.be\/fr\/wp-content\/uploads\/lungs.gif\" class=\"attachment-full size-full wp-image-465\" alt=\"\" \/><\/figure><div class=\"elementor-image-box-content\"><h3 class=\"elementor-image-box-title\">Pneumologie<\/h3><p class=\"elementor-image-box-description\">La Pneumologie est une sp\u00e9cialit\u00e9 m\u00e9dicale qui s'occupe du diagnostic et du traitement des maladies respiratoires. Notre \u00e9quipe d'experts est form\u00e9e pour diagnostiquer et traiter les conditions telles que l'asthme, la bronchite, l'emphys\u00e8me, les infections respiratoires et bien plus encore. Nous fournissons des services de pr\u00e9vention et de gestion des maladies respiratoires sans danger pour nos patients, ainsi que des conseils sur des mesures pr\u00e9ventives pour am\u00e9liorer la qualit\u00e9 de l'air dans la maison. Notre objectif est de promouvoir une meilleure sant\u00e9 et qualit\u00e9 de vie pour tous les patients.<\/p><\/div><\/div>\t\t<\/div>\n\t\t\t\t<\/div>\n\t\t\t\t<\/div>\n\t\t<div class=\"elementor-element elementor-element-be0129a e-con-full e-con\" data-id=\"be0129a\" data-element_type=\"container\" data-settings=\"{&quot;content_width&quot;:&quot;full&quot;}\">\n\t\t\t\t<div class=\"elementor-element elementor-element-5795f0d elementor-position-top elementor-vertical-align-top elementor-widget elementor-widget-image-box\" data-id=\"5795f0d\" data-element_type=\"widget\" data-widget_type=\"image-box.default\">\n\t\t\t\t<div class=\"elementor-widget-container\">\n\t\t\t<div class=\"elementor-image-box-wrapper\"><figure class=\"elementor-image-box-img\"><img loading=\"lazy\" decoding=\"async\" width=\"640\" height=\"640\" src=\"https:\/\/centre-santex.be\/fr\/wp-content\/uploads\/mental-health.gif\" class=\"attachment-full size-full wp-image-466\" alt=\"\" \/><\/figure><div class=\"elementor-image-box-content\"><h3 class=\"elementor-image-box-title\">Psychologie<\/h3><p class=\"elementor-image-box-description\">La Psychologie est une sp\u00e9cialit\u00e9 m\u00e9dicale holistique qui prend en compte les probl\u00e8mes physiques et \u00e9motionnels des patients. Notre \u00e9quipe de psychologues comp\u00e9tents et empathiques est l\u00e0 pour aider les patients \u00e0 g\u00e9rer leurs probl\u00e8mes de sant\u00e9 mentale et trouver des solutions durables. Nous offrons des services tels que la th\u00e9rapie individuelle, la psychoth\u00e9rapie, l'\u00e9valuation et le traitement des troubles mentaux et des comportements, ainsi que la psychoth\u00e9rapie familiale et communautaire. En mettant l'accent sur l'\u00e9coute et le soutien empathique, nous visons \u00e0 aider nos patients \u00e0 atteindre un \u00e9quilibre mental et physique pour un bien-\u00eatre maximal.<\/p><\/div><\/div>\t\t<\/div>\n\t\t\t\t<\/div>\n\t\t\t\t<\/div>\n\t\t<div class=\"elementor-element elementor-element-8ec34cc e-con-full e-con\" data-id=\"8ec34cc\" data-element_type=\"container\" data-settings=\"{&quot;content_width&quot;:&quot;full&quot;}\">\n\t\t\t\t<div class=\"elementor-element elementor-element-291f4de elementor-position-top elementor-vertical-align-top elementor-widget elementor-widget-image-box\" data-id=\"291f4de\" data-element_type=\"widget\" data-widget_type=\"image-box.default\">\n\t\t\t\t<div class=\"elementor-widget-container\">\n\t\t\t<div class=\"elementor-image-box-wrapper\"><figure class=\"elementor-image-box-img\"><img loading=\"lazy\" decoding=\"async\" width=\"640\" height=\"640\" src=\"https:\/\/centre-santex.be\/fr\/wp-content\/uploads\/x-rays.gif\" class=\"attachment-full size-full wp-image-467\" alt=\"\" \/><\/figure><div class=\"elementor-image-box-content\"><h3 class=\"elementor-image-box-title\">Radiologie<\/h3><p class=\"elementor-image-box-description\">La Radiologie est une sp\u00e9cialit\u00e9 m\u00e9dicale qui comprend un large \u00e9ventail d'examens et de proc\u00e9dures, y compris les rayons X, les ultrasons, la tomodensitom\u00e9trie, la microscopie \u00e9lectronique et l'IRM, utilis\u00e9s pour diagnostiquer et traiter une vari\u00e9t\u00e9 de maladies et de traumatismes. Notre \u00e9quipe de radiologues hautement qualifi\u00e9s permet aux m\u00e9decins de suivre et de mieux comprendre les conditions m\u00e9dicales et nous offrons des images de qualit\u00e9 sup\u00e9rieure avec les technologies les plus avanc\u00e9es. Notre objectif est d'offrir des diagnostics pr\u00e9cis et fiables aux patients et \u00e0 leur fournir un soutien ad\u00e9quat.<\/p><\/div><\/div>\t\t<\/div>\n\t\t\t\t<\/div>\n\t\t\t\t<\/div>\n\t\t<div class=\"elementor-element elementor-element-5da5b5f e-con-full e-con\" data-id=\"5da5b5f\" data-element_type=\"container\" data-settings=\"{&quot;content_width&quot;:&quot;full&quot;}\">\n\t\t\t\t<div class=\"elementor-element elementor-element-ed8c993 elementor-position-top elementor-vertical-align-top elementor-widget elementor-widget-image-box\" data-id=\"ed8c993\" data-element_type=\"widget\" data-widget_type=\"image-box.default\">\n\t\t\t\t<div class=\"elementor-widget-container\">\n\t\t\t<div class=\"elementor-image-box-wrapper\"><figure class=\"elementor-image-box-img\"><img loading=\"lazy\" decoding=\"async\" width=\"640\" height=\"640\" src=\"https:\/\/centre-santex.be\/fr\/wp-content\/uploads\/heterosexual.gif\" class=\"attachment-full size-full wp-image-469\" alt=\"\" \/><\/figure><div class=\"elementor-image-box-content\"><h3 class=\"elementor-image-box-title\">Sexologie<\/h3><p class=\"elementor-image-box-description\">La Sexologie est une sp\u00e9cialit\u00e9 m\u00e9dicale qui s'occupe de l'\u00e9tude et du traitement des probl\u00e8mes et des d\u00e9s\u00e9quilibres sexuels et psychiatriques. Notre \u00e9quipe de sexologues hautement qualifi\u00e9s offre des soins et des conseils aux patients qui rencontrent des difficult\u00e9s li\u00e9es \u00e0 leur sexualit\u00e9. Nous offrons une gamme compl\u00e8te de services pour le diagnostic et le traitement de troubles sexuels, incluant des services de conseil, l'\u00e9ducation sexuelle et une vari\u00e9t\u00e9 de th\u00e9rapies pour aider nos patients \u00e0 atteindre le bien-\u00eatre sexuel. Nous sommes engag\u00e9s \u00e0 offrir une gamme compl\u00e8te de services complets et personnalis\u00e9s \u00e0 tous nos patients.<\/p><\/div><\/div>\t\t<\/div>\n\t\t\t\t<\/div>\n\t\t\t\t<\/div>\n\t\t\t\t<\/div>\n\t\t\t\t<\/div>\n\t\t\t\t\t<\/div>\n\t\t\t\t<\/div>\n\t\t\t\t\t\t\t<\/div>\n\t\t","protected":false},"excerpt":{"rendered":"<p>Chirurgie Nos chirurgiens experts offrent une gamme vari\u00e9e de proc\u00e9dures et de traitements en chirurgie g\u00e9n\u00e9rale, notamment pour les maladies abdominales, m\u00e9taboliques, les affections de la peau et les tumeurs malignes. En chirurgie orthop\u00e9dique, notre \u00e9quipe sp\u00e9cialis\u00e9e traite les probl\u00e8mes li\u00e9s aux muscles, aux os, aux articulations et aux ligaments. Nous proposons des solutions pour [&hellip;]<\/p>\n","protected":false},"author":1,"featured_media":0,"parent":0,"menu_order":0,"comment_status":"closed","ping_status":"closed","template":"","meta":{"footnotes":""},"class_list":["post-59","page","type-page","status-publish","hentry"],"_links":{"self":[{"href":"https:\/\/centre-santex.be\/fr\/wp-json\/wp\/v2\/pages\/59","targetHints":{"allow":["GET"]}}],"collection":[{"href":"https:\/\/centre-santex.be\/fr\/wp-json\/wp\/v2\/pages"}],"about":[{"href":"https:\/\/centre-santex.be\/fr\/wp-json\/wp\/v2\/types\/page"}],"author":[{"embeddable":true,"href":"https:\/\/centre-santex.be\/fr\/wp-json\/wp\/v2\/users\/1"}],"replies":[{"embeddable":true,"href":"https:\/\/centre-santex.be\/fr\/wp-json\/wp\/v2\/comments?post=59"}],"version-history":[{"count":13,"href":"https:\/\/centre-santex.be\/fr\/wp-json\/wp\/v2\/pages\/59\/revisions"}],"predecessor-version":[{"id":475,"href":"https:\/\/centre-santex.be\/fr\/wp-json\/wp\/v2\/pages\/59\/revisions\/475"}],"wp:attachment":[{"href":"https:\/\/centre-santex.be\/fr\/wp-json\/wp\/v2\/media?parent=59"}],"curies":[{"name":"wp","href":"https:\/\/api.w.org\/{rel}","templated":true}]}}