{"id":663,"date":"2023-06-14T21:43:26","date_gmt":"2023-06-14T19:43:26","guid":{"rendered":"https:\/\/centre-santex.be\/fr\/?page_id=663"},"modified":"2023-07-17T10:22:32","modified_gmt":"2023-07-17T08:22:32","slug":"conditions-generales","status":"publish","type":"page","link":"https:\/\/centre-santex.be\/fr\/conditions-generales\/","title":{"rendered":"Conditions g\u00e9n\u00e9rales"},"content":{"rendered":"\t\t<div data-elementor-type=\"wp-page\" data-elementor-id=\"663\" class=\"elementor elementor-663\">\n\t\t\t\t\t\t\t\t\t<section class=\"elementor-section elementor-top-section elementor-element elementor-element-2bb27b9 elementor-section-boxed elementor-section-height-default elementor-section-height-default\" data-id=\"2bb27b9\" data-element_type=\"section\">\n\t\t\t\t\t\t<div class=\"elementor-container elementor-column-gap-default\">\n\t\t\t\t\t<div class=\"elementor-column elementor-col-100 elementor-top-column elementor-element elementor-element-770270b1\" data-id=\"770270b1\" data-element_type=\"column\">\n\t\t\t<div class=\"elementor-widget-wrap elementor-element-populated\">\n\t\t\t\t\t\t\t\t<div class=\"elementor-element elementor-element-66a6d0ff elementor-widget elementor-widget-text-editor\" data-id=\"66a6d0ff\" data-element_type=\"widget\" data-widget_type=\"text-editor.default\">\n\t\t\t\t<div class=\"elementor-widget-container\">\n\t\t\t<style>\/*! elementor - v3.10.2 - 29-01-2023 *\/\n.elementor-widget-text-editor.elementor-drop-cap-view-stacked .elementor-drop-cap{background-color:#818a91;color:#fff}.elementor-widget-text-editor.elementor-drop-cap-view-framed .elementor-drop-cap{color:#818a91;border:3px solid;background-color:transparent}.elementor-widget-text-editor:not(.elementor-drop-cap-view-default) .elementor-drop-cap{margin-top:8px}.elementor-widget-text-editor:not(.elementor-drop-cap-view-default) .elementor-drop-cap-letter{width:1em;height:1em}.elementor-widget-text-editor .elementor-drop-cap{float:left;text-align:center;line-height:1;font-size:50px}.elementor-widget-text-editor .elementor-drop-cap-letter{display:inline-block}<\/style>\t\t\t\t<p><!-- wp:paragraph --><\/p>\n<p>Les pr\u00e9sentes conditions g\u00e9n\u00e9rales r\u00e9gissent les relations contractuelles entre le <strong>Centre Santex<\/strong> et toute personne naviguant sur le site <a href=\"https:\/\/centre-santex.be\/fr\/\"><strong>https:\/\/centre-santex.be\/fr\/<\/strong><\/a> en vue d\u2019effectuer l\u2019achat de l\u2019un des produits propos\u00e9s sur ce site, la consultation des informations ou encore l\u2019utilisation de ces derniers.<\/p>\n<p><!-- \/wp:paragraph --><!-- wp:heading --><\/p>\n<h2><strong>ARTICLE 1 \u2013 VALIDATION<\/strong><\/h2>\n<p><!-- \/wp:heading --><!-- wp:paragraph --><\/p>\n<p>En passant une demande sur le formulaire, le Client reconna\u00eet avoir pris connaissance et avoir accept\u00e9 sans r\u00e9serve les pr\u00e9sentes Conditions G\u00e9n\u00e9rales. La validation de la r\u00e9servation vaut donc acceptation de ces conditions G\u00e9n\u00e9rales.<\/p>\n<p><!-- \/wp:paragraph --><!-- wp:heading --><\/p>\n<p><!-- \/wp:paragraph --><!-- wp:heading --><\/p>\n<h2><strong>ARTICLE 2 \u2013 DISPONIBILIT\u00c9<\/strong><\/h2>\n<p><!-- \/wp:heading --><!-- wp:paragraph --><\/p>\n<p>Dans l\u2019\u00e9ventualit\u00e9 d\u2019une indisponibilit\u00e9 momentan\u00e9e le <strong>Centre Santex<\/strong> informe le client du d\u00e9lai. Veuillez consulter les horaires du Centre Santex<\/p>\n<p><!-- \/wp:paragraph --><!-- wp:heading --><\/p>\n<h2><strong>ARTICLE 3 \u2013 RESPONSABILIT\u00c9 ET GARANTIE<\/strong><\/h2>\n<p><!-- \/wp:heading --><!-- wp:heading {\"level\":3} --><\/p>\n<h3><strong>G\u00e9n\u00e9ralit\u00e9s<\/strong><\/h3>\n<p><!-- \/wp:heading --><!-- wp:paragraph --><\/p>\n<p>Le <strong>Centre Santex<\/strong> ne peut \u00eatre tenue pour responsable de l\u2019inex\u00e9cution totale ou partielle d\u2019une demande de contact.<\/p>\n<p><!-- \/wp:paragraph --><!-- wp:heading --><\/p>\n<h2><strong>ARTICLE 4 \u2013 VIE PRIV\u00c9E<\/strong><\/h2>\n<p><!-- \/wp:heading --><!-- wp:paragraph --><\/p>\n<p>La collecte des informations nominatives r\u00e9alis\u00e9es aux fins de prise de rendez-vous \u00e0 distance est obligatoire. Conforme au code de d\u00e9ontologie et de conduite le Centre Santex s&rsquo;engage \u00e0 ne communiquer aucune de vos informations.<\/p>\n<p><!-- \/wp:paragraph --><!-- wp:paragraph --><\/p>\n<p><!-- \/wp:paragraph --><!-- wp:heading --><\/p>\n<h2><strong>ARTICLE 5 \u2013 PROPRI\u00c9T\u00c9 INTELLECTUELLE<\/strong><\/h2>\n<p><!-- \/wp:heading --><!-- wp:paragraph --><\/p>\n<p>L\u2019ensemble du site web de Le <strong>Centre Santex<\/strong> est prot\u00e9g\u00e9 par la l\u00e9gislation belge et internationale sur le droit d\u2019auteur et la propri\u00e9t\u00e9 intellectuelle. Tous les droits de reproduction sont r\u00e9serv\u00e9s, y compris pour les documents t\u00e9l\u00e9chargeables et les repr\u00e9sentations iconographiques et photographiques. La reproduction de tout ou partie de ce site sur un support \u00e9lectronique quel qu\u2019il soit est formellement interdite sauf autorisation \u00e9crite pr\u00e9alable Le <strong>Centre Santex<\/strong><strong>.<\/strong><\/p>\n<p><!-- \/wp:paragraph --><!-- wp:heading --><\/p>\n<h2><strong>ARTICLE 6 \u2013 DROIT APPLICABLE \u2013 LITIGES<\/strong><\/h2>\n<p><!-- \/wp:heading --><!-- wp:paragraph --><\/p>\n<p>La validit\u00e9, l\u2019interpr\u00e9tation et l\u2019ex\u00e9cution des pr\u00e9sentes conditions g\u00e9n\u00e9rales sont soumises \u00e0 la loi belge. Toute relation contractuelle ou autre entre Le <strong>Centre Santex<\/strong>&nbsp;et le Client est soumise \u00e0 la loi belge.<\/p>\n<p><!-- \/wp:paragraph --><!-- wp:paragraph --><\/p>\n<p>Toute question relative \u00e0 la validit\u00e9, l\u2019interpr\u00e9tation, l\u2019ex\u00e9cution ou l\u2019inex\u00e9cution des pr\u00e9sentes conditions g\u00e9n\u00e9rales sera soumise \u00e0 la comp\u00e9tence exclusive des juridictions de la ville de <b>Charleroi <\/b>quelque- soit le lieu de r\u00e9servation des produits ou le domicile du client, et ce pour tout type de proc\u00e9dure.<\/p>\n<p><!-- \/wp:paragraph --><\/p>\t\t\t\t\t\t<\/div>\n\t\t\t\t<\/div>\n\t\t\t\t\t<\/div>\n\t\t<\/div>\n\t\t\t\t\t\t\t<\/div>\n\t\t<\/section>\n\t\t\t\t\t\t\t<\/div>\n\t\t","protected":false},"excerpt":{"rendered":"<p>Les pr\u00e9sentes conditions g\u00e9n\u00e9rales r\u00e9gissent les relations contractuelles entre le Centre Santex et toute personne naviguant sur le site https:\/\/centre-santex.be\/fr\/ en vue d\u2019effectuer l\u2019achat de l\u2019un des produits propos\u00e9s sur ce site, la consultation des informations ou encore l\u2019utilisation de ces derniers. ARTICLE 1 \u2013 VALIDATION En passant une demande sur le formulaire, le Client [&hellip;]<\/p>\n","protected":false},"author":1,"featured_media":0,"parent":0,"menu_order":0,"comment_status":"closed","ping_status":"closed","template":"","meta":{"footnotes":""},"class_list":["post-663","page","type-page","status-publish","hentry"],"_links":{"self":[{"href":"https:\/\/centre-santex.be\/fr\/wp-json\/wp\/v2\/pages\/663","targetHints":{"allow":["GET"]}}],"collection":[{"href":"https:\/\/centre-santex.be\/fr\/wp-json\/wp\/v2\/pages"}],"about":[{"href":"https:\/\/centre-santex.be\/fr\/wp-json\/wp\/v2\/types\/page"}],"author":[{"embeddable":true,"href":"https:\/\/centre-santex.be\/fr\/wp-json\/wp\/v2\/users\/1"}],"replies":[{"embeddable":true,"href":"https:\/\/centre-santex.be\/fr\/wp-json\/wp\/v2\/comments?post=663"}],"version-history":[{"count":7,"href":"https:\/\/centre-santex.be\/fr\/wp-json\/wp\/v2\/pages\/663\/revisions"}],"predecessor-version":[{"id":765,"href":"https:\/\/centre-santex.be\/fr\/wp-json\/wp\/v2\/pages\/663\/revisions\/765"}],"wp:attachment":[{"href":"https:\/\/centre-santex.be\/fr\/wp-json\/wp\/v2\/media?parent=663"}],"curies":[{"name":"wp","href":"https:\/\/api.w.org\/{rel}","templated":true}]}}