{"id":664,"date":"2023-06-14T21:44:35","date_gmt":"2023-06-14T19:44:35","guid":{"rendered":"https:\/\/centre-santex.be\/fr\/?page_id=664"},"modified":"2025-01-20T17:54:48","modified_gmt":"2025-01-20T16:54:48","slug":"mentions-legales-2","status":"publish","type":"page","link":"https:\/\/centre-santex.be\/fr\/mentions-legales-2\/","title":{"rendered":"Mentions l\u00e9gales"},"content":{"rendered":"\t\t<div data-elementor-type=\"wp-page\" data-elementor-id=\"664\" class=\"elementor elementor-664\">\n\t\t\t\t\t\t\t\t\t<section class=\"elementor-section elementor-top-section elementor-element elementor-element-5b6cb3b9 elementor-section-boxed elementor-section-height-default elementor-section-height-default\" data-id=\"5b6cb3b9\" data-element_type=\"section\">\n\t\t\t\t\t\t<div class=\"elementor-container elementor-column-gap-default\">\n\t\t\t\t\t<div class=\"elementor-column elementor-col-100 elementor-top-column elementor-element elementor-element-75f165ea\" data-id=\"75f165ea\" data-element_type=\"column\">\n\t\t\t<div class=\"elementor-widget-wrap elementor-element-populated\">\n\t\t\t\t\t\t\t\t<div class=\"elementor-element elementor-element-6bd54ce9 elementor-widget elementor-widget-text-editor\" data-id=\"6bd54ce9\" data-element_type=\"widget\" data-widget_type=\"text-editor.default\">\n\t\t\t\t<div class=\"elementor-widget-container\">\n\t\t\t<style>\/*! elementor - v3.10.2 - 29-01-2023 *\/\n.elementor-widget-text-editor.elementor-drop-cap-view-stacked .elementor-drop-cap{background-color:#818a91;color:#fff}.elementor-widget-text-editor.elementor-drop-cap-view-framed .elementor-drop-cap{color:#818a91;border:3px solid;background-color:transparent}.elementor-widget-text-editor:not(.elementor-drop-cap-view-default) .elementor-drop-cap{margin-top:8px}.elementor-widget-text-editor:not(.elementor-drop-cap-view-default) .elementor-drop-cap-letter{width:1em;height:1em}.elementor-widget-text-editor .elementor-drop-cap{float:left;text-align:center;line-height:1;font-size:50px}.elementor-widget-text-editor .elementor-drop-cap-letter{display:inline-block}<\/style>\t\t\t\t<h2 class=\"wp-block-heading\"><strong>S\u00c9CURIT\u00c9 ET PROTECTION DE LA VIE PRIV\u00c9E<\/strong><\/h2>\n<p><!-- \/wp:heading -->\n\n<!-- wp:paragraph --><\/p>\n<p>Le <strong>Centre Santex<\/strong> s\u2019engage \u00e0 prendre toutes les mesures techniques et organisationnelles appropri\u00e9es afin de prot\u00e9ger vos donn\u00e9es \u00e0 caract\u00e8re personnel contre la destruction, la perte, la modification involontaire, la d\u00e9t\u00e9rioration ou la divulgation.<\/p>\n<p><!-- \/wp:paragraph -->\n\n<!-- wp:paragraph --><\/p>\n<p>Le <strong>Centre Santex<\/strong> s\u2019engage \u00e0 ne pas c\u00e9der vos donn\u00e9es \u00e0 des tiers. Afin de vous garantir un service optimal, Le <strong>Centre Santex<\/strong>\u00a0utilise des cl\u00e9s de cryptage SSL \u00e9mises par les meilleurs organismes et ce, dans le but de s\u00e9curiser vos donn\u00e9es.<\/p>\n<p><!-- \/wp:paragraph -->\n\n<!-- wp:heading {\"level\":3} --><\/p>\n<h3 class=\"wp-block-heading\"><strong>ENREGISTREMENT DES DONN\u00c9ES<\/strong><\/h3>\n<p><!-- \/wp:heading -->\n\n<!-- wp:paragraph --><\/p>\n<p>Afin de proc\u00e9der \u00e0 la commande et \u00e0 la livraison de vos produits, Le <strong>Centre Santex<\/strong>\u00a0est dans l\u2019obligation de conserver vos donn\u00e9es durant dix ans. Les informations demand\u00e9es sur le site ne concerneront que des coordonn\u00e9es de contact ou de livraison. Vu le caract\u00e8re particulier du domaine de la pharmacie, l\u2019autorit\u00e9 peut nous obliger \u00e0 vous poser certaines questions, sauf mention contraire, vous n\u2019\u00eates pas tenu d\u2019y r\u00e9pondre.<\/p>\n<p><!-- \/wp:paragraph -->\n\n<!-- wp:paragraph --><\/p>\n<p>Votre nom d\u2019utilisateur et votre mot de passe sont des \u00e9l\u00e9ments sensibles. En cas de perte, il ne sera pas possible de vous les communiquer par e-mail. Seules les questions de s\u00e9curit\u00e9 ou la red\u00e9finition d\u2019un mot de passe via un lien envoy\u00e9 \u00e0 votre adresse d\u2019enregistrement sera possible.<\/p>\n<p><!-- \/wp:paragraph -->\n\n<!-- wp:paragraph --><\/p>\n<p>Votre login et votre mot de passe vous permettront de r\u00e9aliser toutes les modifications relatives \u00e0 votre profil, \u00e0 vos pr\u00e9f\u00e9rences ou \u00e0 vos adresses de livraison.<\/p>\n<p><!-- \/wp:paragraph -->\n\n<!-- wp:heading {\"level\":3} --><\/p>\n<h3 class=\"wp-block-heading\"><strong>UTILISATION DES COOKIES SUR LE SITE<\/strong><\/h3>\n<p><!-- \/wp:heading -->\n\n<!-- wp:paragraph --><\/p>\n<p>Le <strong>Centre Santex<\/strong> utilise des \u00ab cookies \u00bb pour pouvoir vous identifier plus rapidement sur le site (les cookies sont des fichiers sauv\u00e9s par votre navigateur, se trouvant sur votre ordinateur et comportant des informations telles que la langue, les pr\u00e9f\u00e9rences, etc.). Les cookies sont utilis\u00e9s afin de vous offrir un meilleur service.<\/p>\n<p><!-- \/wp:paragraph -->\n\n<!-- wp:heading --><\/p>\n<h2 class=\"wp-block-heading\"><strong>UTILISATION DES DONN\u00c9ES \u00c0 CARACT\u00c8RE PERSONNEL<\/strong><\/h2>\n<p><!-- \/wp:heading -->\n\n<!-- wp:paragraph --><\/p>\n<p>Vos donn\u00e9es sont collect\u00e9es uniquement dans le cadre de l\u2019utilisation du site. Elles ne seront pas transmises \u00e0 des tiers mais pourraient servir \u00e0 vous envoyer des informations issues de notre site. Si vous voulez modifier la mani\u00e8re dont Le <strong>Centre Santex<\/strong>\u00a0vous contacte, vous pouvez vous rendre sur votre espace personnel et d\u00e9cocher les onglets concern\u00e9s.<\/p>\n<p><!-- \/wp:paragraph -->\n\n<!-- wp:paragraph --><\/p>\n<p>Le site du <strong>Centre Santex<\/strong>,<a href=\"https:\/\/centre-santex.be\/fr\/\"> https:\/\/centre-santex.be\/fr\/<\/a>, respecte la loi belge du 8 d\u00e9cembre 1992 li\u00e9e \u00e0 l\u2019utilisation et au traitement des donn\u00e9es personnelles et \u00e0 ses r\u00e9visions.<\/p>\n<p><!-- \/wp:paragraph -->\n\n<!-- wp:heading {\"level\":3} --><\/p>\n<h3 class=\"wp-block-heading\"><strong>SUPPRIMER VOS DONN\u00c9ES<\/strong><\/h3>\n<p><!-- \/wp:heading -->\n\n<!-- wp:paragraph --><\/p>\n<p>Pour supprimer vos donn\u00e9es de nos listes de diffusion, il vous suffit de nous envoyer un email \u00e0 l\u2019adresse <a href=\"mailto:santexcharleroi@gmail.com\">santexcharleroi@gmail.com<\/a>.<\/p>\n<p><!-- \/wp:paragraph -->\n\n<!-- wp:paragraph --><\/p>\n<p>Si vous estimez que notre site ne respecte pas notre police vie priv\u00e9e telle qu\u2019elle est d\u00e9crite, veuillez prendre contact avec notre soci\u00e9t\u00e9 elle-m\u00eame \u00e0 l\u2019adresse mentionn\u00e9e ci-dessus<\/p>\n<p><!-- \/wp:paragraph -->\n\n<!-- wp:heading {\"level\":4} --><\/p>\n<h4 class=\"wp-block-heading\">N\u2019h\u00e9sitez pas \u00e0 nous contacter :<\/h4>\n<p><!-- \/wp:heading -->\n\n<!-- wp:list --><\/p>\n<ul>\n<li style=\"list-style-type: none;\">\n<ul><!-- wp:list-item --><\/ul>\n<\/li>\n<\/ul>\n<p>&nbsp;<\/p>\n<ul>\n<li style=\"list-style-type: none;\">\n<ul>\n<li><strong>Nom: Centre Santex<\/strong><\/li>\n<\/ul>\n<\/li>\n<\/ul>\n<p><!-- \/wp:list-item -->\n\n<!-- wp:list-item --><\/p>\n<ul>\n<li style=\"list-style-type: none;\">\n<ul>\n<li><strong>Adresse :<\/strong>Rue Montcourt 24 &#8211; 6041 Charleroi (Gosselies)<\/li>\n<\/ul>\n<\/li>\n<\/ul>\n<p><!-- \/wp:list-item -->\n\n<!-- wp:list-item --><!-- \/wp:list-item -->\n\n<!-- wp:list-item --><!-- \/wp:list-item -->\n\n<!-- wp:list-item --><\/p>\n<ul>\n<li style=\"list-style-type: none;\">\n<ul>\n<li><strong>Mail: <a href=\"mailto:secretariat@centre-santext.be\">secretariat@centre-santex.be<\/a><\/strong><\/li>\n<\/ul>\n<\/li>\n<\/ul>\n<p><!-- \/wp:list-item -->\n\n<!-- wp:list-item --><\/p>\n<ul>\n<li style=\"list-style-type: none;\">\n<ul>\n<li><strong>T\u00e9l\u00e9phone : +32 0 71 35 15 55<\/strong><\/li>\n<\/ul>\n<\/li>\n<\/ul>\n<p><!-- \/wp:list-item -->\n\n<!-- wp:list-item --><!-- \/wp:list-item -->\n\n<!-- wp:list-item --><!-- \/wp:list-item -->\n\n<!-- wp:list-item --><\/p>\n<ul>\n<li style=\"list-style-type: none;\">\n<ul>\n<li><strong>Site web\u00a0:<\/strong> <a href=\"https:\/\/centre-santex.be\/fr\/\">https:\/\/centre-santex.be\/fr\/<\/a><\/li>\n<\/ul>\n<\/li>\n<\/ul>\n<p><!-- \/wp:list-item -->\n\n<!-- wp:list-item --><\/p>\n<ul>\n<li style=\"list-style-type: none;\">\n<ul>\n<li><strong>Nom de l\u2019entreprise :\u00a0Centre Santex<\/strong><\/li>\n<\/ul>\n<\/li>\n<\/ul>\n<p><!-- \/wp:list-item -->\n\n<!-- wp:list-item --><\/p>\n<ul>\n<li style=\"list-style-type: none;\">\n<ul>\n<li><strong>Forme Juridique\u00a0: N\/D<\/strong><\/li>\n<\/ul>\n<\/li>\n<\/ul>\n<p><!-- \/wp:list-item -->\n\n<!-- wp:list-item --><\/p>\n<ul>\n<li style=\"list-style-type: none;\">\n<ul>\n<li><strong>Adresse du si\u00e8ge sociale : <\/strong>Rue Montcourt 24 &#8211; 6041 Charleroi (Gosselies)<\/li>\n<\/ul>\n<\/li>\n<\/ul>\n<p><!-- \/wp:list-item -->\n\n<!-- wp:list-item --><\/p>\n<ul>\n<li style=\"list-style-type: none;\">\n<ul>\n<li><strong>Pays\u00a0:\u00a0<\/strong><strong>Belgique<\/strong><\/li>\n<\/ul>\n<\/li>\n<\/ul>\n<p><!-- \/wp:list-item -->\n\n<!-- wp:list-item --><\/p>\n<ul>\n<li style=\"list-style-type: none;\">\n<ul>\n<li><strong>Num\u00e9ro d\u2019Enterprise BCE\u00a0:<\/strong> 0886.517.246<\/li>\n<\/ul>\n<\/li>\n<\/ul>\n<p><!-- \/wp:list-item -->\n\n<!-- wp:list-item --><\/p>\n<ul>\n<li style=\"list-style-type: none;\">\n<ul>\n<li><strong>Num\u00e9ro de TVA\u00a0:\u00a0<\/strong>BE0886.517.246<\/li>\n<\/ul>\n<\/li>\n<\/ul>\n<p><!-- \/wp:list-item --><\/p>\n<p><!-- \/wp:list --><\/p>\t\t\t\t\t\t<\/div>\n\t\t\t\t<\/div>\n\t\t\t\t\t<\/div>\n\t\t<\/div>\n\t\t\t\t\t\t\t<\/div>\n\t\t<\/section>\n\t\t\t\t\t\t\t<\/div>\n\t\t","protected":false},"excerpt":{"rendered":"<p>S\u00c9CURIT\u00c9 ET PROTECTION DE LA VIE PRIV\u00c9E Le Centre Santex s\u2019engage \u00e0 prendre toutes les mesures techniques et organisationnelles appropri\u00e9es afin de prot\u00e9ger vos donn\u00e9es \u00e0 caract\u00e8re personnel contre la destruction, la perte, la modification involontaire, la d\u00e9t\u00e9rioration ou la divulgation. Le Centre Santex s\u2019engage \u00e0 ne pas c\u00e9der vos donn\u00e9es \u00e0 des tiers. Afin [&hellip;]<\/p>\n","protected":false},"author":1,"featured_media":0,"parent":0,"menu_order":0,"comment_status":"closed","ping_status":"closed","template":"","meta":{"footnotes":""},"class_list":["post-664","page","type-page","status-publish","hentry"],"_links":{"self":[{"href":"https:\/\/centre-santex.be\/fr\/wp-json\/wp\/v2\/pages\/664","targetHints":{"allow":["GET"]}}],"collection":[{"href":"https:\/\/centre-santex.be\/fr\/wp-json\/wp\/v2\/pages"}],"about":[{"href":"https:\/\/centre-santex.be\/fr\/wp-json\/wp\/v2\/types\/page"}],"author":[{"embeddable":true,"href":"https:\/\/centre-santex.be\/fr\/wp-json\/wp\/v2\/users\/1"}],"replies":[{"embeddable":true,"href":"https:\/\/centre-santex.be\/fr\/wp-json\/wp\/v2\/comments?post=664"}],"version-history":[{"count":22,"href":"https:\/\/centre-santex.be\/fr\/wp-json\/wp\/v2\/pages\/664\/revisions"}],"predecessor-version":[{"id":823,"href":"https:\/\/centre-santex.be\/fr\/wp-json\/wp\/v2\/pages\/664\/revisions\/823"}],"wp:attachment":[{"href":"https:\/\/centre-santex.be\/fr\/wp-json\/wp\/v2\/media?parent=664"}],"curies":[{"name":"wp","href":"https:\/\/api.w.org\/{rel}","templated":true}]}}