{"id":665,"date":"2023-06-14T21:44:01","date_gmt":"2023-06-14T19:44:01","guid":{"rendered":"https:\/\/centre-santex.be\/fr\/?page_id=665"},"modified":"2023-06-14T21:51:19","modified_gmt":"2023-06-14T19:51:19","slug":"cookies","status":"publish","type":"page","link":"https:\/\/centre-santex.be\/fr\/cookies\/","title":{"rendered":"Cookies"},"content":{"rendered":"\t\t<div data-elementor-type=\"wp-page\" data-elementor-id=\"665\" class=\"elementor elementor-665\">\n\t\t\t\t\t\t\t\t\t<section class=\"elementor-section elementor-top-section elementor-element elementor-element-5295471c elementor-section-boxed elementor-section-height-default elementor-section-height-default\" data-id=\"5295471c\" data-element_type=\"section\">\n\t\t\t\t\t\t<div class=\"elementor-container elementor-column-gap-default\">\n\t\t\t\t\t<div class=\"elementor-column elementor-col-100 elementor-top-column elementor-element elementor-element-5426f4e0\" data-id=\"5426f4e0\" data-element_type=\"column\">\n\t\t\t<div class=\"elementor-widget-wrap elementor-element-populated\">\n\t\t\t\t\t\t\t\t<div class=\"elementor-element elementor-element-75c22f65 elementor-widget elementor-widget-text-editor\" data-id=\"75c22f65\" data-element_type=\"widget\" data-widget_type=\"text-editor.default\">\n\t\t\t\t<div class=\"elementor-widget-container\">\n\t\t\t<style>\/*! elementor - v3.10.2 - 29-01-2023 *\/\n.elementor-widget-text-editor.elementor-drop-cap-view-stacked .elementor-drop-cap{background-color:#818a91;color:#fff}.elementor-widget-text-editor.elementor-drop-cap-view-framed .elementor-drop-cap{color:#818a91;border:3px solid;background-color:transparent}.elementor-widget-text-editor:not(.elementor-drop-cap-view-default) .elementor-drop-cap{margin-top:8px}.elementor-widget-text-editor:not(.elementor-drop-cap-view-default) .elementor-drop-cap-letter{width:1em;height:1em}.elementor-widget-text-editor .elementor-drop-cap{float:left;text-align:center;line-height:1;font-size:50px}.elementor-widget-text-editor .elementor-drop-cap-letter{display:inline-block}<\/style>\t\t\t\t<!-- wp:heading -->\n<h2 class=\"wp-block-heading\"><strong>COOKIE : D\u00c9FINITION<\/strong><\/h2>\n<!-- \/wp:heading -->\n\n<!-- wp:paragraph -->\n<p>Un cookie est un fichier texte qui peut \u00eatre enregistr\u00e9 automatiquement sur votre ordinateur lors de la visite d\u2019un site ou de la consultation d\u2019une page sp\u00e9cifique. Celui-ci peut permettre d\u2019adapter le type et l\u2019affichage des services adress\u00e9s \u00e0 votre terminal, qu\u2019il s\u2019agisse d\u2019un ordinateur, d\u2019un smartphone ou d\u2019une tablette) et de collecter des informations relatives \u00e0 votre navigation.<br>Les cookies sont g\u00e9r\u00e9s directement par le navigateur internet.<\/p>\n<!-- \/wp:paragraph -->\n\n<!-- wp:heading {\"level\":3} -->\n<h3 class=\"wp-block-heading\"><strong>UTILISATION DES COOKIES SUR CE SITE<\/strong><\/h3>\n<!-- \/wp:heading -->\n\n<!-- wp:paragraph -->\n<p>Lors de la consultation du site, des cookies (nomm\u00e9s \u00e9galement traceurs) peuvent \u00eatre enregistr\u00e9s sur votre ordinateur, votre smartphone ou votre tablette.<\/p>\n<!-- \/wp:paragraph -->\n\n<!-- wp:paragraph -->\n<p>Le site de la pharmacie utilise principalement des cookies permettant, en autre, la mesure d\u2019audience, les pr\u00e9f\u00e9rences d\u2019utilisation et des informations concernant les pages consult\u00e9es et plus g\u00e9n\u00e9ralement la navigation des visiteurs. Les cookies autorisent par exemple de comprendre l\u2019utilisation des sites par les usagers et ainsi de les faire \u00e9voluer pour faciliter le parcours de l\u2019internaute ou en am\u00e9liorer le contenu.<\/p>\n<!-- \/wp:paragraph -->\n\n<!-- wp:paragraph -->\n<p>Le site de la pharmacie utilise notamment \u00ab&nbsp;Google Analytics&nbsp;\u00bb pour \u00e9tablir ses statistiques d\u2019audience.<\/p>\n<!-- \/wp:paragraph -->\n\n<!-- wp:paragraph -->\n<p>Les donn\u00e9es g\u00e9n\u00e9r\u00e9es par Google sont h\u00e9berg\u00e9es sur des serveurs situ\u00e9s aux Etats-Unis. Google utilisera cette information dans le but d\u2019\u00e9valuer votre utilisation du site, n\u00e9anmoins Google&nbsp;Analytics ne communique jamais \u00e0 ses clients les adresses&nbsp;IP elles-m\u00eames.<\/p>\n<!-- \/wp:paragraph -->\n\n<!-- wp:paragraph -->\n<p>Conform\u00e9ment aux conditions d\u2019utilisation du service Google analytics, nous attirons l\u2019attention des visiteurs du site de la pharmacie sur les conditions d\u2019utilisation de ce service, consultables&nbsp;<a href=\"https:\/\/support.google.com\/analytics\/topic\/2919631?hl=fr&amp;ref_topic=1008008&amp;vid=1-635799042464555284-973048319\">ici<\/a>.<\/p>\n<!-- \/wp:paragraph -->\n\n<!-- wp:paragraph -->\n<p>Vous avez toujours la possibilit\u00e9 d\u2019acc\u00e9der au site de la pharmacie en refusant ces cookies, la navigation n\u2019en sera aucunement affect\u00e9e.<\/p>\n<!-- \/wp:paragraph -->\n\n<!-- wp:paragraph -->\n<p>Il est possible que d\u2019autres cookies soient occasionnellement d\u00e9pos\u00e9s par des sites tiers sur vos appareils de consultation lorsque vous acc\u00e9dez \u00e0 des pages comprenant des int\u00e9grations provenant de ces m\u00eames sites.<\/p>\n<!-- \/wp:paragraph -->\n\n<!-- wp:paragraph -->\n<p>Ces cookies peuvent provenir principalement des sites suivants :<\/p>\n<!-- \/wp:paragraph -->\n\n<!-- wp:list -->\n<ul><!-- wp:list-item -->\n<li>Twitter,<\/li>\n<!-- \/wp:list-item -->\n\n<!-- wp:list-item -->\n<li>Facebook,<\/li>\n<!-- \/wp:list-item -->\n\n<!-- wp:list-item -->\n<li>Dailymotion,<\/li>\n<!-- \/wp:list-item -->\n\n<!-- wp:list-item -->\n<li>YouTube<\/li>\n<!-- \/wp:list-item --><\/ul>\n<!-- \/wp:list -->\n\n<!-- wp:paragraph -->\n<p>Sans que cette liste soit exhaustive ou limitative\u2026<\/p>\n<!-- \/wp:paragraph -->\n\n<!-- wp:heading {\"level\":3} -->\n<h3 class=\"wp-block-heading\"><strong>PARAM\u00c9TRER VOTRE NAVIGATEUR INTERNET<\/strong><\/h3>\n<!-- \/wp:heading -->\n\n<!-- wp:paragraph -->\n<p>Il vous est possible \u00e0 tout moment de choisir de d\u00e9sactiver ces cookies.<\/p>\n<!-- \/wp:paragraph -->\n\n<!-- wp:paragraph -->\n<p>Votre navigateur peut \u00e9galement \u00eatre param\u00e9tr\u00e9 pour vous signaler les cookies qui sont d\u00e9pos\u00e9s dans votre ordinateur et vous demander de les accepter ou pas.&nbsp;<br>Vous pouvez accepter ou refuser les cookies au cas par cas ou bien les refuser syst\u00e9matiquement.<\/p>\n<!-- \/wp:paragraph -->\n\n<!-- wp:paragraph -->\n<p>Qu\u2019il s\u2019agisse de Safari, de Google Chrome, de Firefox ou d\u2019Internet Explorer, vous avez toujours la possibilit\u00e9 d\u2019acc\u00e9der \u00e0 ces r\u00e9glages dans les param\u00e9trages du logiciel utilis\u00e9 afin d\u2019accepter, de refuser ou d\u2019effacer les Cookies.<\/p>\n<!-- \/wp:paragraph -->\t\t\t\t\t\t<\/div>\n\t\t\t\t<\/div>\n\t\t\t\t\t<\/div>\n\t\t<\/div>\n\t\t\t\t\t\t\t<\/div>\n\t\t<\/section>\n\t\t\t\t\t\t\t<\/div>\n\t\t","protected":false},"excerpt":{"rendered":"<p>COOKIE : D\u00c9FINITION Un cookie est un fichier texte qui peut \u00eatre enregistr\u00e9 automatiquement sur votre ordinateur lors de la visite d\u2019un site ou de la consultation d\u2019une page sp\u00e9cifique. Celui-ci peut permettre d\u2019adapter le type et l\u2019affichage des services adress\u00e9s \u00e0 votre terminal, qu\u2019il s\u2019agisse d\u2019un ordinateur, d\u2019un smartphone ou d\u2019une tablette) et de [&hellip;]<\/p>\n","protected":false},"author":1,"featured_media":0,"parent":0,"menu_order":0,"comment_status":"closed","ping_status":"closed","template":"","meta":{"footnotes":""},"class_list":["post-665","page","type-page","status-publish","hentry"],"_links":{"self":[{"href":"https:\/\/centre-santex.be\/fr\/wp-json\/wp\/v2\/pages\/665","targetHints":{"allow":["GET"]}}],"collection":[{"href":"https:\/\/centre-santex.be\/fr\/wp-json\/wp\/v2\/pages"}],"about":[{"href":"https:\/\/centre-santex.be\/fr\/wp-json\/wp\/v2\/types\/page"}],"author":[{"embeddable":true,"href":"https:\/\/centre-santex.be\/fr\/wp-json\/wp\/v2\/users\/1"}],"replies":[{"embeddable":true,"href":"https:\/\/centre-santex.be\/fr\/wp-json\/wp\/v2\/comments?post=665"}],"version-history":[{"count":4,"href":"https:\/\/centre-santex.be\/fr\/wp-json\/wp\/v2\/pages\/665\/revisions"}],"predecessor-version":[{"id":679,"href":"https:\/\/centre-santex.be\/fr\/wp-json\/wp\/v2\/pages\/665\/revisions\/679"}],"wp:attachment":[{"href":"https:\/\/centre-santex.be\/fr\/wp-json\/wp\/v2\/media?parent=665"}],"curies":[{"name":"wp","href":"https:\/\/api.w.org\/{rel}","templated":true}]}}