{"id":666,"date":"2023-06-14T21:44:14","date_gmt":"2023-06-14T19:44:14","guid":{"rendered":"https:\/\/centre-santex.be\/fr\/?page_id=666"},"modified":"2023-06-14T21:54:25","modified_gmt":"2023-06-14T19:54:25","slug":"gdpr","status":"publish","type":"page","link":"https:\/\/centre-santex.be\/fr\/gdpr\/","title":{"rendered":"GDPR"},"content":{"rendered":"\t\t<div data-elementor-type=\"wp-page\" data-elementor-id=\"666\" class=\"elementor elementor-666\">\n\t\t\t\t\t\t\t\t\t<section class=\"elementor-section elementor-top-section elementor-element elementor-element-6cd2a8e0 elementor-section-boxed elementor-section-height-default elementor-section-height-default\" data-id=\"6cd2a8e0\" data-element_type=\"section\">\n\t\t\t\t\t\t<div class=\"elementor-container elementor-column-gap-default\">\n\t\t\t\t\t<div class=\"elementor-column elementor-col-100 elementor-top-column elementor-element elementor-element-32703d1\" data-id=\"32703d1\" data-element_type=\"column\">\n\t\t\t<div class=\"elementor-widget-wrap elementor-element-populated\">\n\t\t\t\t\t\t\t\t<div class=\"elementor-element elementor-element-3049e6f7 elementor-widget elementor-widget-text-editor\" data-id=\"3049e6f7\" data-element_type=\"widget\" data-widget_type=\"text-editor.default\">\n\t\t\t\t<div class=\"elementor-widget-container\">\n\t\t\t<style>\/*! elementor - v3.10.2 - 29-01-2023 *\/\n.elementor-widget-text-editor.elementor-drop-cap-view-stacked .elementor-drop-cap{background-color:#818a91;color:#fff}.elementor-widget-text-editor.elementor-drop-cap-view-framed .elementor-drop-cap{color:#818a91;border:3px solid;background-color:transparent}.elementor-widget-text-editor:not(.elementor-drop-cap-view-default) .elementor-drop-cap{margin-top:8px}.elementor-widget-text-editor:not(.elementor-drop-cap-view-default) .elementor-drop-cap-letter{width:1em;height:1em}.elementor-widget-text-editor .elementor-drop-cap{float:left;text-align:center;line-height:1;font-size:50px}.elementor-widget-text-editor .elementor-drop-cap-letter{display:inline-block}<\/style>\t\t\t\t<!-- wp:paragraph -->\n<p>Les traitements de donn\u00e9es \u00e0 caract\u00e8re personnel mis en \u0153uvre par Le <strong>Centre Santex<\/strong>\u00a0\u00e0 partir de son site Internet a fait l\u2019objet des d\u00e9clarations n\u00e9cessaires aupr\u00e8s de son d\u00e9l\u00e9gu\u00e9 \u00e0 la protection des donn\u00e9es (DPD).<\/p>\n<!-- \/wp:paragraph --><!-- wp:heading -->\n<h2 class=\"wp-block-heading\"><strong>COLLECTE ET TRAITEMENT DE VOS DONN\u00c9ES<\/strong><\/h2>\n<!-- \/wp:heading --><!-- wp:paragraph -->\n<p>Le <strong>Centre Santex<\/strong>\u00a0s\u2019engage \u00e0 ce que la collecte et le traitement de vos donn\u00e9es, effectu\u00e9s lors de la consultation de son site internet soient conformes au r\u00e8glement g\u00e9n\u00e9ral sur la protection des donn\u00e9es (RGPD) et \u00e0 la loi Informatique et Libert\u00e9s.<\/p>\n<!-- \/wp:paragraph --><!-- wp:list -->\n<ul><!-- wp:list-item -->\n<li>Chaque formulaire limite la collecte des donn\u00e9es personnelles au strict n\u00e9cessaire et indique notamment :<\/li>\n<!-- \/wp:list-item --><!-- wp:list-item -->\n<li>Quels sont les objectifs du recueil de ces donn\u00e9es (finalit\u00e9s)<\/li>\n<!-- \/wp:list-item --><!-- wp:list-item -->\n<li>Si ces donn\u00e9es sont obligatoires ou facultatives (g\u00e9n\u00e9ralement mat\u00e9rialis\u00e9es par un sigle), un lien en pied de page pour vous permettre d\u2019exercer vos droits li\u00e9s au RGPD aupr\u00e8s du d\u00e9l\u00e9gu\u00e9 \u00e0 la protection des donn\u00e9es (DPD)<\/li>\n<!-- \/wp:list-item --><\/ul>\n<!-- \/wp:list --><!-- wp:paragraph -->\n<p>Les donn\u00e9es personnelles recueillies dans le cadre des services propos\u00e9s par la pharmacie sont trait\u00e9es de mani\u00e8re s\u00e9curis\u00e9e pour lui permettre de g\u00e9rer les demandes ou sollicitations re\u00e7ues dans ses applications informatiques.<\/p>\n<!-- \/wp:paragraph --><!-- wp:paragraph -->\n<p>Aucune donn\u00e9e \u00e0 caract\u00e8re personnel n\u2019est communiqu\u00e9e \u00e0 des tiers sans un consentement express.<\/p>\n<!-- \/wp:paragraph --><!-- wp:paragraph -->\n<p>Les adresses \u00e9lectroniques recueillies dans le cadre des op\u00e9rations de communication de la pharmacie ne sont utilis\u00e9es que pour l\u2019envoi des informations pour lesquelles la personne s\u2019est express\u00e9ment abonn\u00e9e.<\/p>\n<!-- \/wp:paragraph --><!-- wp:paragraph -->\n<p>Il est possible de se d\u00e9sabonner \u00e0 tout moment en utilisant le lien pr\u00e9vu \u00e0 cet effet, ou en \u00e9crivant directement \u00e0 <a href=\"mailto:santexcharleroi@gmail.com\">santexcharleroi@gmail.com<\/a><\/p>\n<!-- \/wp:paragraph --><!-- wp:heading -->\n<h2 class=\"wp-block-heading\"><strong>A QUI VOUS ADRESSER ?<\/strong><\/h2>\n<!-- \/wp:heading --><!-- wp:paragraph -->\n<p>Pour toute information ou exercice de vos droits Informatique et Libert\u00e9s sur les traitements de vos donn\u00e9es personnelles g\u00e9r\u00e9s par la pharmacie, vous avez la possibilit\u00e9 de contacter son d\u00e9l\u00e9gu\u00e9 \u00e0 la protection des donn\u00e9es (DPD) :<br \/>\u2013 par mail : <a href=\"mailto:santexcharleroi@gmail.com\">santexcharleroi@gmail.com<\/a>.<br \/>\u2013\u00a0par courrier sign\u00e9 accompagn\u00e9 de la copie d\u2019un titre d\u2019identit\u00e9 au si\u00e8ge social de la pharmacie express\u00e9ment mentionn\u00e9 sur la page \u00ab\u00a0mentions l\u00e9gales\u00a0\u00bb.<\/p>\n<!-- \/wp:paragraph -->\t\t\t\t\t\t<\/div>\n\t\t\t\t<\/div>\n\t\t\t\t\t<\/div>\n\t\t<\/div>\n\t\t\t\t\t\t\t<\/div>\n\t\t<\/section>\n\t\t\t\t\t\t\t<\/div>\n\t\t","protected":false},"excerpt":{"rendered":"<p>Les traitements de donn\u00e9es \u00e0 caract\u00e8re personnel mis en \u0153uvre par Le Centre Santex\u00a0\u00e0 partir de son site Internet a fait l\u2019objet des d\u00e9clarations n\u00e9cessaires aupr\u00e8s de son d\u00e9l\u00e9gu\u00e9 \u00e0 la protection des donn\u00e9es (DPD). COLLECTE ET TRAITEMENT DE VOS DONN\u00c9ES Le Centre Santex\u00a0s\u2019engage \u00e0 ce que la collecte et le traitement de vos donn\u00e9es, [&hellip;]<\/p>\n","protected":false},"author":1,"featured_media":0,"parent":0,"menu_order":0,"comment_status":"closed","ping_status":"closed","template":"","meta":{"footnotes":""},"class_list":["post-666","page","type-page","status-publish","hentry"],"_links":{"self":[{"href":"https:\/\/centre-santex.be\/fr\/wp-json\/wp\/v2\/pages\/666","targetHints":{"allow":["GET"]}}],"collection":[{"href":"https:\/\/centre-santex.be\/fr\/wp-json\/wp\/v2\/pages"}],"about":[{"href":"https:\/\/centre-santex.be\/fr\/wp-json\/wp\/v2\/types\/page"}],"author":[{"embeddable":true,"href":"https:\/\/centre-santex.be\/fr\/wp-json\/wp\/v2\/users\/1"}],"replies":[{"embeddable":true,"href":"https:\/\/centre-santex.be\/fr\/wp-json\/wp\/v2\/comments?post=666"}],"version-history":[{"count":4,"href":"https:\/\/centre-santex.be\/fr\/wp-json\/wp\/v2\/pages\/666\/revisions"}],"predecessor-version":[{"id":684,"href":"https:\/\/centre-santex.be\/fr\/wp-json\/wp\/v2\/pages\/666\/revisions\/684"}],"wp:attachment":[{"href":"https:\/\/centre-santex.be\/fr\/wp-json\/wp\/v2\/media?parent=666"}],"curies":[{"name":"wp","href":"https:\/\/api.w.org\/{rel}","templated":true}]}}